{"id":963,"date":"2021-05-10T17:44:30","date_gmt":"2021-05-10T17:44:30","guid":{"rendered":"https:\/\/www.lampu-schmuck.de\/?post_type=product&#038;p=963"},"modified":"2021-06-15T23:44:44","modified_gmt":"2021-06-15T23:44:44","slug":"ohrhaenger-8","status":"publish","type":"product","link":"https:\/\/www.lampu-schmuck.de\/index.php\/produkt\/ohrhaenger-8\/","title":{"rendered":"Ohrh\u00e4nger"},"content":{"rendered":"<p>Ohrh\u00e4nger mit leicht gew\u00f6lbten rechteckigen Platten, gel\u00f6chert.Poliert. Ges. L\u00e4nge 25mm ohne Hacken.<\/p>\n","protected":false},"excerpt":{"rendered":"<p>Ohrh\u00e4nger mit leicht gew\u00f6lbten rechteckigen Platten, gel\u00f6chert.Poliert. Ges. L\u00e4nge 25mm ohne Hacken.<\/p>\n","protected":false},"featured_media":949,"template":"","meta":[],"product_brand":[],"product_cat":[35,51,48,61],"product_tag":[],"class_list":{"0":"post-963","1":"product","2":"type-product","3":"status-publish","4":"has-post-thumbnail","6":"product_cat-ohnestein","7":"product_cat-ohrhaenger","8":"product_cat-schmuck","9":"product_cat-silber","11":"first","12":"instock","13":"taxable","14":"shipping-taxable","15":"purchasable","16":"product-type-simple"},"_links":{"self":[{"href":"https:\/\/www.lampu-schmuck.de\/index.php\/wp-json\/wp\/v2\/product\/963","targetHints":{"allow":["GET"]}}],"collection":[{"href":"https:\/\/www.lampu-schmuck.de\/index.php\/wp-json\/wp\/v2\/product"}],"about":[{"href":"https:\/\/www.lampu-schmuck.de\/index.php\/wp-json\/wp\/v2\/types\/product"}],"wp:featuredmedia":[{"embeddable":true,"href":"https:\/\/www.lampu-schmuck.de\/index.php\/wp-json\/wp\/v2\/media\/949"}],"wp:attachment":[{"href":"https:\/\/www.lampu-schmuck.de\/index.php\/wp-json\/wp\/v2\/media?parent=963"}],"wp:term":[{"taxonomy":"product_brand","embeddable":true,"href":"https:\/\/www.lampu-schmuck.de\/index.php\/wp-json\/wp\/v2\/product_brand?post=963"},{"taxonomy":"product_cat","embeddable":true,"href":"https:\/\/www.lampu-schmuck.de\/index.php\/wp-json\/wp\/v2\/product_cat?post=963"},{"taxonomy":"product_tag","embeddable":true,"href":"https:\/\/www.lampu-schmuck.de\/index.php\/wp-json\/wp\/v2\/product_tag?post=963"}],"curies":[{"name":"wp","href":"https:\/\/api.w.org\/{rel}","templated":true}]}}