{"id":749,"date":"2021-05-05T14:02:51","date_gmt":"2021-05-05T14:02:51","guid":{"rendered":"https:\/\/www.lampu-schmuck.de\/?post_type=product&#038;p=749"},"modified":"2021-07-04T17:31:24","modified_gmt":"2021-07-04T17:31:24","slug":"collier-10","status":"publish","type":"product","link":"https:\/\/www.lampu-schmuck.de\/index.php\/produkt\/collier-10\/","title":{"rendered":"Collier"},"content":{"rendered":"<p>H\u00e4matit W\u00fcrfel 3&#215;3 mm, matt, mit Silberw\u00fcrfel und S\u00fcdwasserzuchtperlen \u00d8 3 mm.<\/p>\n<p>Passende Ohrstecker SS 0007 RH.<\/p>\n","protected":false},"excerpt":{"rendered":"<p>H\u00e4matit W\u00fcrfel 3&#215;3 mm, matt, mit Silberw\u00fcrfel und S\u00fcdwasserzuchtperlen \u00d8 3 mm. Passende Ohrstecker SS 0007 RH.<\/p>\n","protected":false},"featured_media":742,"template":"","meta":[],"product_brand":[],"product_cat":[56,48,43],"product_tag":[],"class_list":{"0":"post-749","1":"product","2":"type-product","3":"status-publish","4":"has-post-thumbnail","6":"product_cat-colliers","7":"product_cat-schmuck","8":"product_cat-schwarzgrau","10":"first","11":"instock","12":"taxable","13":"shipping-taxable","14":"purchasable","15":"product-type-simple"},"_links":{"self":[{"href":"https:\/\/www.lampu-schmuck.de\/index.php\/wp-json\/wp\/v2\/product\/749","targetHints":{"allow":["GET"]}}],"collection":[{"href":"https:\/\/www.lampu-schmuck.de\/index.php\/wp-json\/wp\/v2\/product"}],"about":[{"href":"https:\/\/www.lampu-schmuck.de\/index.php\/wp-json\/wp\/v2\/types\/product"}],"wp:featuredmedia":[{"embeddable":true,"href":"https:\/\/www.lampu-schmuck.de\/index.php\/wp-json\/wp\/v2\/media\/742"}],"wp:attachment":[{"href":"https:\/\/www.lampu-schmuck.de\/index.php\/wp-json\/wp\/v2\/media?parent=749"}],"wp:term":[{"taxonomy":"product_brand","embeddable":true,"href":"https:\/\/www.lampu-schmuck.de\/index.php\/wp-json\/wp\/v2\/product_brand?post=749"},{"taxonomy":"product_cat","embeddable":true,"href":"https:\/\/www.lampu-schmuck.de\/index.php\/wp-json\/wp\/v2\/product_cat?post=749"},{"taxonomy":"product_tag","embeddable":true,"href":"https:\/\/www.lampu-schmuck.de\/index.php\/wp-json\/wp\/v2\/product_tag?post=749"}],"curies":[{"name":"wp","href":"https:\/\/api.w.org\/{rel}","templated":true}]}}