{"id":746,"date":"2021-05-05T13:48:38","date_gmt":"2021-05-05T13:48:38","guid":{"rendered":"https:\/\/www.lampu-schmuck.de\/?post_type=product&#038;p=746"},"modified":"2021-07-04T10:43:17","modified_gmt":"2021-07-04T10:43:17","slug":"collier-7","status":"publish","type":"product","link":"https:\/\/www.lampu-schmuck.de\/index.php\/produkt\/collier-7\/","title":{"rendered":"Collier"},"content":{"rendered":"<p>Collier mit Silberanh\u00e4nger, Fusing-Glas.<br \/>\nPVC Band orange, \u00d8 5 mm mit Magnetschlie\u00dfe, 45 cm lang<\/p>\n","protected":false},"excerpt":{"rendered":"<p>Collier mit Silberanh\u00e4nger, Fusing-Glas. PVC Band orange, \u00d8 5 mm mit Magnetschlie\u00dfe, 45 cm lang<\/p>\n","protected":false},"featured_media":729,"template":"","meta":[],"product_brand":[],"product_cat":[56,39,48],"product_tag":[],"class_list":{"0":"post-746","1":"product","2":"type-product","3":"status-publish","4":"has-post-thumbnail","6":"product_cat-colliers","7":"product_cat-glasbunt","8":"product_cat-schmuck","10":"first","11":"instock","12":"taxable","13":"shipping-taxable","14":"purchasable","15":"product-type-simple"},"_links":{"self":[{"href":"https:\/\/www.lampu-schmuck.de\/index.php\/wp-json\/wp\/v2\/product\/746","targetHints":{"allow":["GET"]}}],"collection":[{"href":"https:\/\/www.lampu-schmuck.de\/index.php\/wp-json\/wp\/v2\/product"}],"about":[{"href":"https:\/\/www.lampu-schmuck.de\/index.php\/wp-json\/wp\/v2\/types\/product"}],"wp:featuredmedia":[{"embeddable":true,"href":"https:\/\/www.lampu-schmuck.de\/index.php\/wp-json\/wp\/v2\/media\/729"}],"wp:attachment":[{"href":"https:\/\/www.lampu-schmuck.de\/index.php\/wp-json\/wp\/v2\/media?parent=746"}],"wp:term":[{"taxonomy":"product_brand","embeddable":true,"href":"https:\/\/www.lampu-schmuck.de\/index.php\/wp-json\/wp\/v2\/product_brand?post=746"},{"taxonomy":"product_cat","embeddable":true,"href":"https:\/\/www.lampu-schmuck.de\/index.php\/wp-json\/wp\/v2\/product_cat?post=746"},{"taxonomy":"product_tag","embeddable":true,"href":"https:\/\/www.lampu-schmuck.de\/index.php\/wp-json\/wp\/v2\/product_tag?post=746"}],"curies":[{"name":"wp","href":"https:\/\/api.w.org\/{rel}","templated":true}]}}