{"id":2110,"date":"2025-06-05T09:23:52","date_gmt":"2025-06-05T09:23:52","guid":{"rendered":"https:\/\/www.lampu-schmuck.de\/?post_type=product&#038;p=2110"},"modified":"2025-06-06T06:52:44","modified_gmt":"2025-06-06T06:52:44","slug":"ohrhaenger-blueten","status":"publish","type":"product","link":"https:\/\/www.lampu-schmuck.de\/index.php\/produkt\/ohrhaenger-blueten\/","title":{"rendered":"Ohrh\u00e4nger Bl\u00fcten"},"content":{"rendered":"<p>Ohrh\u00e4nger, 925er Silber mit Bl\u00fctenbl\u00e4tter, Klappbrissuren<\/p>\n","protected":false},"excerpt":{"rendered":"<p>Ohrh\u00e4nger, 925er Silber mit Bl\u00fctenbl\u00e4tter, Klappbrissuren<\/p>\n","protected":false},"featured_media":2107,"template":"","meta":[],"product_brand":[],"product_cat":[35,51,48,61],"product_tag":[],"class_list":{"0":"post-2110","1":"product","2":"type-product","3":"status-publish","4":"has-post-thumbnail","6":"product_cat-ohnestein","7":"product_cat-ohrhaenger","8":"product_cat-schmuck","9":"product_cat-silber","11":"first","12":"outofstock","13":"taxable","14":"shipping-taxable","15":"purchasable","16":"product-type-simple"},"_links":{"self":[{"href":"https:\/\/www.lampu-schmuck.de\/index.php\/wp-json\/wp\/v2\/product\/2110","targetHints":{"allow":["GET"]}}],"collection":[{"href":"https:\/\/www.lampu-schmuck.de\/index.php\/wp-json\/wp\/v2\/product"}],"about":[{"href":"https:\/\/www.lampu-schmuck.de\/index.php\/wp-json\/wp\/v2\/types\/product"}],"wp:featuredmedia":[{"embeddable":true,"href":"https:\/\/www.lampu-schmuck.de\/index.php\/wp-json\/wp\/v2\/media\/2107"}],"wp:attachment":[{"href":"https:\/\/www.lampu-schmuck.de\/index.php\/wp-json\/wp\/v2\/media?parent=2110"}],"wp:term":[{"taxonomy":"product_brand","embeddable":true,"href":"https:\/\/www.lampu-schmuck.de\/index.php\/wp-json\/wp\/v2\/product_brand?post=2110"},{"taxonomy":"product_cat","embeddable":true,"href":"https:\/\/www.lampu-schmuck.de\/index.php\/wp-json\/wp\/v2\/product_cat?post=2110"},{"taxonomy":"product_tag","embeddable":true,"href":"https:\/\/www.lampu-schmuck.de\/index.php\/wp-json\/wp\/v2\/product_tag?post=2110"}],"curies":[{"name":"wp","href":"https:\/\/api.w.org\/{rel}","templated":true}]}}