{"id":1917,"date":"2021-08-02T14:08:00","date_gmt":"2021-08-02T14:08:00","guid":{"rendered":"https:\/\/www.lampu-schmuck.de\/?post_type=product&#038;p=1917"},"modified":"2021-08-02T14:13:40","modified_gmt":"2021-08-02T14:13:40","slug":"damenuhr-10x31-anniversary-2","status":"publish","type":"product","link":"https:\/\/www.lampu-schmuck.de\/index.php\/produkt\/damenuhr-10x31-anniversary-2\/","title":{"rendered":"Damenuhr 10&#215;31 Anniversary 2"},"content":{"rendered":"<div class=\"product--description\">\n<p>It\u00b4s time to celebrate! Unter diesem Motto feiern wir gemeinsam mit Ihnen unser 10-j\u00e4hriges Firmenjubil\u00e4um.<\/p>\n<p>Da darf eine besondere Geburtstags-Kollektion in den Farbwelten &#8222;Purple Lights&#8220;, &#8222;Green Lights&#8220; und &#8222;Ocean Blue&#8220; nat\u00fcrlich nicht fehlen.<\/p>\n<p>Unsere neue Farbwelt &#8222;Purple Lights&#8220; verleiht unserem Jubil\u00e4um eine ganz besondere Note in kraftvollen, au\u00dfergew\u00f6hnlichen T\u00f6nen. Das metallic-farbene Sunray Dial l\u00e4sst unser Topseller-Uhren-Modell auf einzigartige Weise erstrahlen.<\/p>\n<\/div>\n","protected":false},"excerpt":{"rendered":"<p>It\u00b4s time to celebrate! Unter diesem Motto feiern wir gemeinsam mit Ihnen unser 10-j\u00e4hriges Firmenjubil\u00e4um. Da darf eine besondere Geburtstags-Kollektion in den Farbwelten &#8222;Purple Lights&#8220;, &#8222;Green Lights&#8220; und &#8222;Ocean Blue&#8220; nat\u00fcrlich nicht fehlen. Unsere neue Farbwelt &#8222;Purple Lights&#8220; verleiht unserem Jubil\u00e4um eine ganz besondere Note in kraftvollen, au\u00dfergew\u00f6hnlichen T\u00f6nen. Das metallic-farbene Sunray Dial l\u00e4sst unser [&hellip;]<\/p>\n","protected":false},"featured_media":1868,"template":"","meta":[],"product_brand":[],"product_cat":[67,64,49],"product_tag":[],"class_list":{"0":"post-1917","1":"product","2":"type-product","3":"status-publish","4":"has-post-thumbnail","6":"product_cat-bering","7":"product_cat-damenuhr","8":"product_cat-uhren","10":"first","11":"instock","12":"taxable","13":"shipping-taxable","14":"purchasable","15":"product-type-simple"},"_links":{"self":[{"href":"https:\/\/www.lampu-schmuck.de\/index.php\/wp-json\/wp\/v2\/product\/1917","targetHints":{"allow":["GET"]}}],"collection":[{"href":"https:\/\/www.lampu-schmuck.de\/index.php\/wp-json\/wp\/v2\/product"}],"about":[{"href":"https:\/\/www.lampu-schmuck.de\/index.php\/wp-json\/wp\/v2\/types\/product"}],"wp:featuredmedia":[{"embeddable":true,"href":"https:\/\/www.lampu-schmuck.de\/index.php\/wp-json\/wp\/v2\/media\/1868"}],"wp:attachment":[{"href":"https:\/\/www.lampu-schmuck.de\/index.php\/wp-json\/wp\/v2\/media?parent=1917"}],"wp:term":[{"taxonomy":"product_brand","embeddable":true,"href":"https:\/\/www.lampu-schmuck.de\/index.php\/wp-json\/wp\/v2\/product_brand?post=1917"},{"taxonomy":"product_cat","embeddable":true,"href":"https:\/\/www.lampu-schmuck.de\/index.php\/wp-json\/wp\/v2\/product_cat?post=1917"},{"taxonomy":"product_tag","embeddable":true,"href":"https:\/\/www.lampu-schmuck.de\/index.php\/wp-json\/wp\/v2\/product_tag?post=1917"}],"curies":[{"name":"wp","href":"https:\/\/api.w.org\/{rel}","templated":true}]}}