{"id":1913,"date":"2021-08-02T13:42:10","date_gmt":"2021-08-02T13:42:10","guid":{"rendered":"https:\/\/www.lampu-schmuck.de\/?post_type=product&#038;p=1913"},"modified":"2021-08-02T13:42:23","modified_gmt":"2021-08-02T13:42:23","slug":"damenuhr-13326-368-classic","status":"publish","type":"product","link":"https:\/\/www.lampu-schmuck.de\/index.php\/produkt\/damenuhr-13326-368-classic\/","title":{"rendered":"Damenuhr 13326-368 Classic"},"content":{"rendered":"<div class=\"product--description\">\n<p>Klassisch, puristisch und dennoch aufregend. Vollendeter Stil kombiniert mit modernem Minimalismus. Inspiriert vom d\u00e4nischen Design repr\u00e4sentiert die CLASSIC COLLECTION eine einzigartige Uhrenkreation, perfekt gemacht als t\u00e4gliches Style-Highlight.<\/p>\n<p>Das glanzvolle Edelstahl-Geh\u00e4use, gefertigt aus reinem und hochwertigem Edelstahl (316L), wie er auch in der Medizintechnik Verwendung findet, in Kombination mit dem modernen Milanaiseband in der Farbe Blau sorgt f\u00fcr den klassischen BERING-Look. Die integrierte Datumsanzeige und ros\u00e9goldfarbene Punktindizes runden das modisch auffallende blaue Zifferblatt ab. Ein besonders hartes, kristallklares und kratzfestes Saphirglas sorgt zudem f\u00fcr eine uneingeschr\u00e4nkte Sicht auf das edle Zifferblatt.<\/p>\n<\/div>\n","protected":false},"excerpt":{"rendered":"<p>Klassisch, puristisch und dennoch aufregend. Vollendeter Stil kombiniert mit modernem Minimalismus. Inspiriert vom d\u00e4nischen Design repr\u00e4sentiert die CLASSIC COLLECTION eine einzigartige Uhrenkreation, perfekt gemacht als t\u00e4gliches Style-Highlight. Das glanzvolle Edelstahl-Geh\u00e4use, gefertigt aus reinem und hochwertigem Edelstahl (316L), wie er auch in der Medizintechnik Verwendung findet, in Kombination mit dem modernen Milanaiseband in der Farbe Blau [&hellip;]<\/p>\n","protected":false},"featured_media":1875,"template":"","meta":[],"product_brand":[],"product_cat":[67,64,49],"product_tag":[],"class_list":{"0":"post-1913","1":"product","2":"type-product","3":"status-publish","4":"has-post-thumbnail","6":"product_cat-bering","7":"product_cat-damenuhr","8":"product_cat-uhren","10":"first","11":"instock","12":"taxable","13":"shipping-taxable","14":"purchasable","15":"product-type-simple"},"_links":{"self":[{"href":"https:\/\/www.lampu-schmuck.de\/index.php\/wp-json\/wp\/v2\/product\/1913","targetHints":{"allow":["GET"]}}],"collection":[{"href":"https:\/\/www.lampu-schmuck.de\/index.php\/wp-json\/wp\/v2\/product"}],"about":[{"href":"https:\/\/www.lampu-schmuck.de\/index.php\/wp-json\/wp\/v2\/types\/product"}],"wp:featuredmedia":[{"embeddable":true,"href":"https:\/\/www.lampu-schmuck.de\/index.php\/wp-json\/wp\/v2\/media\/1875"}],"wp:attachment":[{"href":"https:\/\/www.lampu-schmuck.de\/index.php\/wp-json\/wp\/v2\/media?parent=1913"}],"wp:term":[{"taxonomy":"product_brand","embeddable":true,"href":"https:\/\/www.lampu-schmuck.de\/index.php\/wp-json\/wp\/v2\/product_brand?post=1913"},{"taxonomy":"product_cat","embeddable":true,"href":"https:\/\/www.lampu-schmuck.de\/index.php\/wp-json\/wp\/v2\/product_cat?post=1913"},{"taxonomy":"product_tag","embeddable":true,"href":"https:\/\/www.lampu-schmuck.de\/index.php\/wp-json\/wp\/v2\/product_tag?post=1913"}],"curies":[{"name":"wp","href":"https:\/\/api.w.org\/{rel}","templated":true}]}}