{"id":1909,"date":"2021-08-02T13:24:26","date_gmt":"2021-08-02T13:24:26","guid":{"rendered":"https:\/\/www.lampu-schmuck.de\/?post_type=product&#038;p=1909"},"modified":"2021-08-02T13:24:36","modified_gmt":"2021-08-02T13:24:36","slug":"damenuhr-15730-004-max-rene","status":"publish","type":"product","link":"https:\/\/www.lampu-schmuck.de\/index.php\/produkt\/damenuhr-15730-004-max-rene\/","title":{"rendered":"Damenuhr 15730-004 Max Rene"},"content":{"rendered":"<div class=\"product--description\">\n<p>Die vom d\u00e4nischen Top-Designer Max R\u00e9ne kreierte COLLECTION strahlt eine schlichte und pure Eleganz aus, die f\u00fcr mehr Individualit\u00e4t, Vielfalt und Zeitlosigkeit steht. Die Kombination aus minimalistisch-d\u00e4nischem Design und maximaler Funktionalit\u00e4t repr\u00e4sentiert ein stilvoll auffallendes Uhrwerk- passend f\u00fcr jeden Anlass.<\/p>\n<p>Das Zifferblatt besticht durch eine elegante Schlichtheit im wei\u00dfen Look und wird durch ein besonders hartes, kristallklares und kratzfestes Saphirglas gesch\u00fctzt. Ein passend dazu silberfarbenes Milanaiseband setzt auffallend moderne Akzente. Zus\u00e4tzlich verleiht das feingliedrig gearbeitete Milanaiseband und glanzvolle Edelstahl-Geh\u00e4use der Uhr einen edlen, beinahe vornehmen Touch.<\/p>\n<\/div>\n","protected":false},"excerpt":{"rendered":"<p>Die vom d\u00e4nischen Top-Designer Max R\u00e9ne kreierte COLLECTION strahlt eine schlichte und pure Eleganz aus, die f\u00fcr mehr Individualit\u00e4t, Vielfalt und Zeitlosigkeit steht. Die Kombination aus minimalistisch-d\u00e4nischem Design und maximaler Funktionalit\u00e4t repr\u00e4sentiert ein stilvoll auffallendes Uhrwerk- passend f\u00fcr jeden Anlass. Das Zifferblatt besticht durch eine elegante Schlichtheit im wei\u00dfen Look und wird durch ein besonders [&hellip;]<\/p>\n","protected":false},"featured_media":1881,"template":"","meta":[],"product_brand":[],"product_cat":[67,64,49],"product_tag":[],"class_list":{"0":"post-1909","1":"product","2":"type-product","3":"status-publish","4":"has-post-thumbnail","6":"product_cat-bering","7":"product_cat-damenuhr","8":"product_cat-uhren","10":"first","11":"instock","12":"taxable","13":"shipping-taxable","14":"purchasable","15":"product-type-simple"},"_links":{"self":[{"href":"https:\/\/www.lampu-schmuck.de\/index.php\/wp-json\/wp\/v2\/product\/1909","targetHints":{"allow":["GET"]}}],"collection":[{"href":"https:\/\/www.lampu-schmuck.de\/index.php\/wp-json\/wp\/v2\/product"}],"about":[{"href":"https:\/\/www.lampu-schmuck.de\/index.php\/wp-json\/wp\/v2\/types\/product"}],"wp:featuredmedia":[{"embeddable":true,"href":"https:\/\/www.lampu-schmuck.de\/index.php\/wp-json\/wp\/v2\/media\/1881"}],"wp:attachment":[{"href":"https:\/\/www.lampu-schmuck.de\/index.php\/wp-json\/wp\/v2\/media?parent=1909"}],"wp:term":[{"taxonomy":"product_brand","embeddable":true,"href":"https:\/\/www.lampu-schmuck.de\/index.php\/wp-json\/wp\/v2\/product_brand?post=1909"},{"taxonomy":"product_cat","embeddable":true,"href":"https:\/\/www.lampu-schmuck.de\/index.php\/wp-json\/wp\/v2\/product_cat?post=1909"},{"taxonomy":"product_tag","embeddable":true,"href":"https:\/\/www.lampu-schmuck.de\/index.php\/wp-json\/wp\/v2\/product_tag?post=1909"}],"curies":[{"name":"wp","href":"https:\/\/api.w.org\/{rel}","templated":true}]}}