{"id":1906,"date":"2021-08-02T13:09:32","date_gmt":"2021-08-02T13:09:32","guid":{"rendered":"https:\/\/www.lampu-schmuck.de\/?post_type=product&#038;p=1906"},"modified":"2021-08-02T13:19:18","modified_gmt":"2021-08-02T13:19:18","slug":"damenuhr-17031-307-ultra-slim","status":"publish","type":"product","link":"https:\/\/www.lampu-schmuck.de\/index.php\/produkt\/damenuhr-17031-307-ultra-slim\/","title":{"rendered":"Damenuhr 17031-307 Ultra Slim"},"content":{"rendered":"<p>BERING\u2019s d\u00fcnnste Uhr bisher: Die ULTRA SLIM 4.8 setzt neue Standards bei Design und Fertigungskunst. Das Geh\u00e4use aus hochwertigem Edelstahl (316L) ist nur 4,8 mm hoch. Das macht die Ultra Slim 4,8 zur einer der flachsten Uhren auf dem Markt. In Kombination mit dem modernen Milanaiseband ist eine minimalistische sowie elegante Uhr entstanden. Das Zifferblatt wird durch kratzfestes Saphirglas gesch\u00fctzt. Rosegl\u00e4nzendes Geh\u00e4use, Durchmesser 31mm, mit blaugl\u00e4nzendem Ziffernblatt.<\/p>\n","protected":false},"excerpt":{"rendered":"<p>BERING\u2019s d\u00fcnnste Uhr bisher: Die ULTRA SLIM 4.8 setzt neue Standards bei Design und Fertigungskunst. Das Geh\u00e4use aus hochwertigem Edelstahl (316L) ist nur 4,8 mm hoch. Das macht die Ultra Slim 4,8 zur einer der flachsten Uhren auf dem Markt. In Kombination mit dem modernen Milanaiseband ist eine minimalistische sowie elegante Uhr entstanden. Das Zifferblatt [&hellip;]<\/p>\n","protected":false},"featured_media":1885,"template":"","meta":[],"product_brand":[],"product_cat":[67,64,49],"product_tag":[],"class_list":{"0":"post-1906","1":"product","2":"type-product","3":"status-publish","4":"has-post-thumbnail","6":"product_cat-bering","7":"product_cat-damenuhr","8":"product_cat-uhren","10":"first","11":"instock","12":"taxable","13":"shipping-taxable","14":"purchasable","15":"product-type-simple"},"_links":{"self":[{"href":"https:\/\/www.lampu-schmuck.de\/index.php\/wp-json\/wp\/v2\/product\/1906","targetHints":{"allow":["GET"]}}],"collection":[{"href":"https:\/\/www.lampu-schmuck.de\/index.php\/wp-json\/wp\/v2\/product"}],"about":[{"href":"https:\/\/www.lampu-schmuck.de\/index.php\/wp-json\/wp\/v2\/types\/product"}],"wp:featuredmedia":[{"embeddable":true,"href":"https:\/\/www.lampu-schmuck.de\/index.php\/wp-json\/wp\/v2\/media\/1885"}],"wp:attachment":[{"href":"https:\/\/www.lampu-schmuck.de\/index.php\/wp-json\/wp\/v2\/media?parent=1906"}],"wp:term":[{"taxonomy":"product_brand","embeddable":true,"href":"https:\/\/www.lampu-schmuck.de\/index.php\/wp-json\/wp\/v2\/product_brand?post=1906"},{"taxonomy":"product_cat","embeddable":true,"href":"https:\/\/www.lampu-schmuck.de\/index.php\/wp-json\/wp\/v2\/product_cat?post=1906"},{"taxonomy":"product_tag","embeddable":true,"href":"https:\/\/www.lampu-schmuck.de\/index.php\/wp-json\/wp\/v2\/product_tag?post=1906"}],"curies":[{"name":"wp","href":"https:\/\/api.w.org\/{rel}","templated":true}]}}