{"id":1899,"date":"2021-08-01T16:27:20","date_gmt":"2021-08-01T16:27:20","guid":{"rendered":"https:\/\/www.lampu-schmuck.de\/?post_type=product&#038;p=1899"},"modified":"2021-08-01T16:27:29","modified_gmt":"2021-08-01T16:27:29","slug":"damenuhr-10126-307-classic","status":"publish","type":"product","link":"https:\/\/www.lampu-schmuck.de\/index.php\/produkt\/damenuhr-10126-307-classic\/","title":{"rendered":"Damenuhr 10126-307 Classic"},"content":{"rendered":"<div class=\"product--description\">\n<p>F\u00fcr die Uhren der Classic Kollektion werden ausschlie\u00dflich hochwertige Materialien verwendet, wie besonders hartes, kristallklares und kratzfestes Saphirglas. Dadurch hinterl\u00e4sst die Zeit auf diesem Uhrenglas keine Spuren. Der verwendete hautfreundliche Edelstahl garantiert einen glanzvollen Auftritt. Der k\u00fchle Look des Stahls und die puristische, klare Linie des BERING Uhren-Designs erg\u00e4nzen sich ideal. Das Geh\u00e4use \u2013 poliert oder geb\u00fcrstet \u2013 ist aus reinem und hochwertigem Edelstahl (316L), wie er auch in der Medizintechnik Verwendung findet. Durchmesser 26mm. Ziffernblatt Perlmutt, blau.<\/p>\n<p>Puristischer Edelstahl wird in der CLASSIC Uhrenkollektion mit feingliedrigen, anschmiegsamen Milanaiseb\u00e4ndern oder edlen Armb\u00e4ndern aus naturgegerbtem Kalbsleder kombiniert. Klassische Eleganz trifft auf ein unverwechselbar angenehmes Tragegef\u00fchl und sorgt f\u00fcr den klassisch-edlen BERING-Look.<\/p>\n<\/div>\n","protected":false},"excerpt":{"rendered":"<p>F\u00fcr die Uhren der Classic Kollektion werden ausschlie\u00dflich hochwertige Materialien verwendet, wie besonders hartes, kristallklares und kratzfestes Saphirglas. Dadurch hinterl\u00e4sst die Zeit auf diesem Uhrenglas keine Spuren. Der verwendete hautfreundliche Edelstahl garantiert einen glanzvollen Auftritt. Der k\u00fchle Look des Stahls und die puristische, klare Linie des BERING Uhren-Designs erg\u00e4nzen sich ideal. Das Geh\u00e4use \u2013 poliert [&hellip;]<\/p>\n","protected":false},"featured_media":1890,"template":"","meta":[],"product_brand":[],"product_cat":[67,64],"product_tag":[],"class_list":{"0":"post-1899","1":"product","2":"type-product","3":"status-publish","4":"has-post-thumbnail","6":"product_cat-bering","7":"product_cat-damenuhr","9":"first","10":"instock","11":"taxable","12":"shipping-taxable","13":"purchasable","14":"product-type-simple"},"_links":{"self":[{"href":"https:\/\/www.lampu-schmuck.de\/index.php\/wp-json\/wp\/v2\/product\/1899","targetHints":{"allow":["GET"]}}],"collection":[{"href":"https:\/\/www.lampu-schmuck.de\/index.php\/wp-json\/wp\/v2\/product"}],"about":[{"href":"https:\/\/www.lampu-schmuck.de\/index.php\/wp-json\/wp\/v2\/types\/product"}],"wp:featuredmedia":[{"embeddable":true,"href":"https:\/\/www.lampu-schmuck.de\/index.php\/wp-json\/wp\/v2\/media\/1890"}],"wp:attachment":[{"href":"https:\/\/www.lampu-schmuck.de\/index.php\/wp-json\/wp\/v2\/media?parent=1899"}],"wp:term":[{"taxonomy":"product_brand","embeddable":true,"href":"https:\/\/www.lampu-schmuck.de\/index.php\/wp-json\/wp\/v2\/product_brand?post=1899"},{"taxonomy":"product_cat","embeddable":true,"href":"https:\/\/www.lampu-schmuck.de\/index.php\/wp-json\/wp\/v2\/product_cat?post=1899"},{"taxonomy":"product_tag","embeddable":true,"href":"https:\/\/www.lampu-schmuck.de\/index.php\/wp-json\/wp\/v2\/product_tag?post=1899"}],"curies":[{"name":"wp","href":"https:\/\/api.w.org\/{rel}","templated":true}]}}