{"id":1821,"date":"2021-07-22T11:57:22","date_gmt":"2021-07-22T11:57:22","guid":{"rendered":"https:\/\/www.lampu-schmuck.de\/?post_type=product&#038;p=1821"},"modified":"2021-07-22T11:57:33","modified_gmt":"2021-07-22T11:57:33","slug":"ohrhaenger-mit-muschelkernperle-tropfen","status":"publish","type":"product","link":"https:\/\/www.lampu-schmuck.de\/index.php\/produkt\/ohrhaenger-mit-muschelkernperle-tropfen\/","title":{"rendered":"Ohrh\u00e4nger mit Muschelkernperle Tropfen"},"content":{"rendered":"<p>Ohrh\u00e4nger mit Muschelkernperle , tropfenf\u00f6rmig 18x12mm. 28mm lang.<\/p>\n","protected":false},"excerpt":{"rendered":"<p>Ohrh\u00e4nger mit Muschelkernperle , tropfenf\u00f6rmig 18x12mm. 28mm lang.<\/p>\n","protected":false},"featured_media":0,"template":"","meta":[],"product_brand":[],"product_cat":[38,51,48,61],"product_tag":[],"class_list":{"0":"post-1821","1":"product","2":"type-product","3":"status-publish","5":"product_cat-mitperle","6":"product_cat-ohrhaenger","7":"product_cat-schmuck","8":"product_cat-silber","10":"first","11":"instock","12":"taxable","13":"shipping-taxable","14":"purchasable","15":"product-type-simple"},"_links":{"self":[{"href":"https:\/\/www.lampu-schmuck.de\/index.php\/wp-json\/wp\/v2\/product\/1821","targetHints":{"allow":["GET"]}}],"collection":[{"href":"https:\/\/www.lampu-schmuck.de\/index.php\/wp-json\/wp\/v2\/product"}],"about":[{"href":"https:\/\/www.lampu-schmuck.de\/index.php\/wp-json\/wp\/v2\/types\/product"}],"wp:attachment":[{"href":"https:\/\/www.lampu-schmuck.de\/index.php\/wp-json\/wp\/v2\/media?parent=1821"}],"wp:term":[{"taxonomy":"product_brand","embeddable":true,"href":"https:\/\/www.lampu-schmuck.de\/index.php\/wp-json\/wp\/v2\/product_brand?post=1821"},{"taxonomy":"product_cat","embeddable":true,"href":"https:\/\/www.lampu-schmuck.de\/index.php\/wp-json\/wp\/v2\/product_cat?post=1821"},{"taxonomy":"product_tag","embeddable":true,"href":"https:\/\/www.lampu-schmuck.de\/index.php\/wp-json\/wp\/v2\/product_tag?post=1821"}],"curies":[{"name":"wp","href":"https:\/\/api.w.org\/{rel}","templated":true}]}}