{"id":1819,"date":"2021-07-22T11:49:11","date_gmt":"2021-07-22T11:49:11","guid":{"rendered":"https:\/\/www.lampu-schmuck.de\/?post_type=product&#038;p=1819"},"modified":"2021-07-22T11:49:23","modified_gmt":"2021-07-22T11:49:23","slug":"ohrhaenger-mit-perle-tropfenform","status":"publish","type":"product","link":"https:\/\/www.lampu-schmuck.de\/index.php\/produkt\/ohrhaenger-mit-perle-tropfenform\/","title":{"rendered":"Ohrh\u00e4nger mit Perle Tropfenform"},"content":{"rendered":"<p>Ohrh\u00e4nger mit S\u00fc\u00dfwasserzuchtperle, tropfenf\u00f6rmig 8x6mm, in spiralf\u00f6rmigem K\u00e4fig. 44mm lang.<\/p>\n","protected":false},"excerpt":{"rendered":"<p>Ohrh\u00e4nger mit S\u00fc\u00dfwasserzuchtperle, tropfenf\u00f6rmig 8x6mm, in spiralf\u00f6rmigem K\u00e4fig. 44mm lang.<\/p>\n","protected":false},"featured_media":1808,"template":"","meta":[],"product_brand":[],"product_cat":[38,51,48,61],"product_tag":[],"class_list":{"0":"post-1819","1":"product","2":"type-product","3":"status-publish","4":"has-post-thumbnail","6":"product_cat-mitperle","7":"product_cat-ohrhaenger","8":"product_cat-schmuck","9":"product_cat-silber","11":"first","12":"instock","13":"taxable","14":"shipping-taxable","15":"purchasable","16":"product-type-simple"},"_links":{"self":[{"href":"https:\/\/www.lampu-schmuck.de\/index.php\/wp-json\/wp\/v2\/product\/1819","targetHints":{"allow":["GET"]}}],"collection":[{"href":"https:\/\/www.lampu-schmuck.de\/index.php\/wp-json\/wp\/v2\/product"}],"about":[{"href":"https:\/\/www.lampu-schmuck.de\/index.php\/wp-json\/wp\/v2\/types\/product"}],"wp:featuredmedia":[{"embeddable":true,"href":"https:\/\/www.lampu-schmuck.de\/index.php\/wp-json\/wp\/v2\/media\/1808"}],"wp:attachment":[{"href":"https:\/\/www.lampu-schmuck.de\/index.php\/wp-json\/wp\/v2\/media?parent=1819"}],"wp:term":[{"taxonomy":"product_brand","embeddable":true,"href":"https:\/\/www.lampu-schmuck.de\/index.php\/wp-json\/wp\/v2\/product_brand?post=1819"},{"taxonomy":"product_cat","embeddable":true,"href":"https:\/\/www.lampu-schmuck.de\/index.php\/wp-json\/wp\/v2\/product_cat?post=1819"},{"taxonomy":"product_tag","embeddable":true,"href":"https:\/\/www.lampu-schmuck.de\/index.php\/wp-json\/wp\/v2\/product_tag?post=1819"}],"curies":[{"name":"wp","href":"https:\/\/api.w.org\/{rel}","templated":true}]}}