{"id":1816,"date":"2021-07-22T11:39:18","date_gmt":"2021-07-22T11:39:18","guid":{"rendered":"https:\/\/www.lampu-schmuck.de\/?post_type=product&#038;p=1816"},"modified":"2021-07-22T11:39:30","modified_gmt":"2021-07-22T11:39:30","slug":"ohrhaenger-mit-schwarzer-perle","status":"publish","type":"product","link":"https:\/\/www.lampu-schmuck.de\/index.php\/produkt\/ohrhaenger-mit-schwarzer-perle\/","title":{"rendered":"Ohrh\u00e4nger mit schwarzer Perle"},"content":{"rendered":"<p>Ohrh\u00e4nger mit schwarzer S\u00fc\u00dfwasserzuchtperle \u00d8 3mm, 42mm lang<\/p>\n","protected":false},"excerpt":{"rendered":"<p>Ohrh\u00e4nger mit schwarzer S\u00fc\u00dfwasserzuchtperle \u00d8 3mm, 42mm lang<\/p>\n","protected":false},"featured_media":1805,"template":"","meta":[],"product_brand":[],"product_cat":[38,51,48,61],"product_tag":[],"class_list":{"0":"post-1816","1":"product","2":"type-product","3":"status-publish","4":"has-post-thumbnail","6":"product_cat-mitperle","7":"product_cat-ohrhaenger","8":"product_cat-schmuck","9":"product_cat-silber","11":"first","12":"instock","13":"taxable","14":"shipping-taxable","15":"purchasable","16":"product-type-simple"},"_links":{"self":[{"href":"https:\/\/www.lampu-schmuck.de\/index.php\/wp-json\/wp\/v2\/product\/1816","targetHints":{"allow":["GET"]}}],"collection":[{"href":"https:\/\/www.lampu-schmuck.de\/index.php\/wp-json\/wp\/v2\/product"}],"about":[{"href":"https:\/\/www.lampu-schmuck.de\/index.php\/wp-json\/wp\/v2\/types\/product"}],"wp:featuredmedia":[{"embeddable":true,"href":"https:\/\/www.lampu-schmuck.de\/index.php\/wp-json\/wp\/v2\/media\/1805"}],"wp:attachment":[{"href":"https:\/\/www.lampu-schmuck.de\/index.php\/wp-json\/wp\/v2\/media?parent=1816"}],"wp:term":[{"taxonomy":"product_brand","embeddable":true,"href":"https:\/\/www.lampu-schmuck.de\/index.php\/wp-json\/wp\/v2\/product_brand?post=1816"},{"taxonomy":"product_cat","embeddable":true,"href":"https:\/\/www.lampu-schmuck.de\/index.php\/wp-json\/wp\/v2\/product_cat?post=1816"},{"taxonomy":"product_tag","embeddable":true,"href":"https:\/\/www.lampu-schmuck.de\/index.php\/wp-json\/wp\/v2\/product_tag?post=1816"}],"curies":[{"name":"wp","href":"https:\/\/api.w.org\/{rel}","templated":true}]}}