{"id":1800,"date":"2021-07-22T06:40:57","date_gmt":"2021-07-22T06:40:57","guid":{"rendered":"https:\/\/www.lampu-schmuck.de\/?post_type=product&#038;p=1800"},"modified":"2021-07-22T06:41:09","modified_gmt":"2021-07-22T06:41:09","slug":"stecker-perle-o-12mm","status":"publish","type":"product","link":"https:\/\/www.lampu-schmuck.de\/index.php\/produkt\/stecker-perle-o-12mm\/","title":{"rendered":"Stecker Perle \u00d8 12mm"},"content":{"rendered":"<p>Ohrtecker mit S\u00fc\u00dfwasserzuchtperle \u00d8 12mm, abgeflacht.<\/p>\n","protected":false},"excerpt":{"rendered":"<p>Ohrtecker mit S\u00fc\u00dfwasserzuchtperle \u00d8 12mm, abgeflacht.<\/p>\n","protected":false},"featured_media":1797,"template":"","meta":[],"product_brand":[],"product_cat":[38,50,48,61],"product_tag":[],"class_list":{"0":"post-1800","1":"product","2":"type-product","3":"status-publish","4":"has-post-thumbnail","6":"product_cat-mitperle","7":"product_cat-ohrstecker","8":"product_cat-schmuck","9":"product_cat-silber","11":"first","12":"instock","13":"taxable","14":"shipping-taxable","15":"purchasable","16":"product-type-simple"},"_links":{"self":[{"href":"https:\/\/www.lampu-schmuck.de\/index.php\/wp-json\/wp\/v2\/product\/1800","targetHints":{"allow":["GET"]}}],"collection":[{"href":"https:\/\/www.lampu-schmuck.de\/index.php\/wp-json\/wp\/v2\/product"}],"about":[{"href":"https:\/\/www.lampu-schmuck.de\/index.php\/wp-json\/wp\/v2\/types\/product"}],"wp:featuredmedia":[{"embeddable":true,"href":"https:\/\/www.lampu-schmuck.de\/index.php\/wp-json\/wp\/v2\/media\/1797"}],"wp:attachment":[{"href":"https:\/\/www.lampu-schmuck.de\/index.php\/wp-json\/wp\/v2\/media?parent=1800"}],"wp:term":[{"taxonomy":"product_brand","embeddable":true,"href":"https:\/\/www.lampu-schmuck.de\/index.php\/wp-json\/wp\/v2\/product_brand?post=1800"},{"taxonomy":"product_cat","embeddable":true,"href":"https:\/\/www.lampu-schmuck.de\/index.php\/wp-json\/wp\/v2\/product_cat?post=1800"},{"taxonomy":"product_tag","embeddable":true,"href":"https:\/\/www.lampu-schmuck.de\/index.php\/wp-json\/wp\/v2\/product_tag?post=1800"}],"curies":[{"name":"wp","href":"https:\/\/api.w.org\/{rel}","templated":true}]}}