{"id":1718,"date":"2021-07-17T20:18:30","date_gmt":"2021-07-17T20:18:30","guid":{"rendered":"https:\/\/www.lampu-schmuck.de\/?post_type=product&#038;p=1718"},"modified":"2022-04-01T11:31:28","modified_gmt":"2022-04-01T11:31:28","slug":"pur-504023","status":"publish","type":"product","link":"https:\/\/www.lampu-schmuck.de\/index.php\/produkt\/pur-504023\/","title":{"rendered":"Pur 504023"},"content":{"rendered":"<p>\u201eEinfachheit ist die h\u00f6chste Form der Raffinesse.\u201c Was Leonardo da Vinci vor fast f\u00fcnf Jahrhunderten formulierte, findet sich in unserer PUR im Jahr 2018 in reinster Form. Hier ist kein Detail zu viel, hier muss nichts hinzugef\u00fcgt werden, so entsteht Vollkommenheit (laut Antoine de Saint-Exup\u00e9ry). Entsprechend er\u00fcbrigt sich jedes weitere Wort \u00fcber unsere PUR.<\/p>\n<p>Geh\u00e4usematerial und Schlie\u00dfe: Edelstahl<\/p>\n<p>Geh\u00e4usedurchmesser: ca. 37 mm<\/p>\n<p>Weitere Modelle, die wir f\u00fcr Sie auf Anfrage liefern k\u00f6nnen, finden Sie unter:<\/p>\n<p><strong>www.rolf-cremer.de\/uhren<\/strong><\/p>\n","protected":false},"excerpt":{"rendered":"<p>\u201eEinfachheit ist die h\u00f6chste Form der Raffinesse.\u201c Was Leonardo da Vinci vor fast f\u00fcnf Jahrhunderten formulierte, findet sich in unserer PUR im Jahr 2018 in reinster Form. Hier ist kein Detail zu viel, hier muss nichts hinzugef\u00fcgt werden, so entsteht Vollkommenheit (laut Antoine de Saint-Exup\u00e9ry). Entsprechend er\u00fcbrigt sich jedes weitere Wort \u00fcber unsere PUR. Geh\u00e4usematerial [&hellip;]<\/p>\n","protected":false},"featured_media":1777,"template":"","meta":[],"product_brand":[],"product_cat":[64,65,66,49],"product_tag":[],"class_list":{"0":"post-1718","1":"product","2":"type-product","3":"status-publish","4":"has-post-thumbnail","6":"product_cat-damenuhr","7":"product_cat-herrenuhr","8":"product_cat-rolfcremer","9":"product_cat-uhren","11":"first","12":"outofstock","13":"taxable","14":"shipping-taxable","15":"purchasable","16":"product-type-simple"},"_links":{"self":[{"href":"https:\/\/www.lampu-schmuck.de\/index.php\/wp-json\/wp\/v2\/product\/1718","targetHints":{"allow":["GET"]}}],"collection":[{"href":"https:\/\/www.lampu-schmuck.de\/index.php\/wp-json\/wp\/v2\/product"}],"about":[{"href":"https:\/\/www.lampu-schmuck.de\/index.php\/wp-json\/wp\/v2\/types\/product"}],"wp:featuredmedia":[{"embeddable":true,"href":"https:\/\/www.lampu-schmuck.de\/index.php\/wp-json\/wp\/v2\/media\/1777"}],"wp:attachment":[{"href":"https:\/\/www.lampu-schmuck.de\/index.php\/wp-json\/wp\/v2\/media?parent=1718"}],"wp:term":[{"taxonomy":"product_brand","embeddable":true,"href":"https:\/\/www.lampu-schmuck.de\/index.php\/wp-json\/wp\/v2\/product_brand?post=1718"},{"taxonomy":"product_cat","embeddable":true,"href":"https:\/\/www.lampu-schmuck.de\/index.php\/wp-json\/wp\/v2\/product_cat?post=1718"},{"taxonomy":"product_tag","embeddable":true,"href":"https:\/\/www.lampu-schmuck.de\/index.php\/wp-json\/wp\/v2\/product_tag?post=1718"}],"curies":[{"name":"wp","href":"https:\/\/api.w.org\/{rel}","templated":true}]}}