{"id":1705,"date":"2021-07-17T19:33:27","date_gmt":"2021-07-17T19:33:27","guid":{"rendered":"https:\/\/www.lampu-schmuck.de\/?post_type=product&#038;p=1705"},"modified":"2024-10-22T11:22:21","modified_gmt":"2024-10-22T11:22:21","slug":"tri-505705","status":"publish","type":"product","link":"https:\/\/www.lampu-schmuck.de\/index.php\/produkt\/tri-505705\/","title":{"rendered":"Tri 505705"},"content":{"rendered":"<p>Das Zeichen der Drei im Zentrum einer runden Dominanz \u2013 kann es einen reizvolleren Kontrast geben? Das klare, runde Geh\u00e4use mit seinem zarten Rand dialogisiert mit gleich drei Dreiecken, aus denen jeweils der Stunden-, Minuten- und Sekundenzeiger erwachsen. Erstaunlich auch der Variantenreichtum dieses Konzepts: von harmonischen Rotbraunt\u00f6nen \u00fcber maximalkontrastives Schwarzwei\u00df bis hin zu einem Feuerwerk an Farben \u2013 immer ist die TRI typisch Rolf Cremer.<\/p>\n<p>Geh\u00e4usematerial und Schlie\u00dfe: Edelstahl<\/p>\n<p>Geh\u00e4usedurchmesser: ca. 44 mm<\/p>\n<p>Weitere Modelle, die wir f\u00fcr Sie auf Anfrage liefern k\u00f6nnen, finden Sie unter:<\/p>\n<p><strong>www.rolf-cremer.de\/uhren<\/strong><\/p>\n","protected":false},"excerpt":{"rendered":"<p>Das Zeichen der Drei im Zentrum einer runden Dominanz \u2013 kann es einen reizvolleren Kontrast geben? Das klare, runde Geh\u00e4use mit seinem zarten Rand dialogisiert mit gleich drei Dreiecken, aus denen jeweils der Stunden-, Minuten- und Sekundenzeiger erwachsen. Erstaunlich auch der Variantenreichtum dieses Konzepts: von harmonischen Rotbraunt\u00f6nen \u00fcber maximalkontrastives Schwarzwei\u00df bis hin zu einem Feuerwerk [&hellip;]<\/p>\n","protected":false},"featured_media":1698,"template":"","meta":[],"product_brand":[],"product_cat":[65,66,49],"product_tag":[],"class_list":{"0":"post-1705","1":"product","2":"type-product","3":"status-publish","4":"has-post-thumbnail","6":"product_cat-herrenuhr","7":"product_cat-rolfcremer","8":"product_cat-uhren","10":"first","11":"outofstock","12":"taxable","13":"shipping-taxable","14":"purchasable","15":"product-type-simple"},"_links":{"self":[{"href":"https:\/\/www.lampu-schmuck.de\/index.php\/wp-json\/wp\/v2\/product\/1705","targetHints":{"allow":["GET"]}}],"collection":[{"href":"https:\/\/www.lampu-schmuck.de\/index.php\/wp-json\/wp\/v2\/product"}],"about":[{"href":"https:\/\/www.lampu-schmuck.de\/index.php\/wp-json\/wp\/v2\/types\/product"}],"wp:featuredmedia":[{"embeddable":true,"href":"https:\/\/www.lampu-schmuck.de\/index.php\/wp-json\/wp\/v2\/media\/1698"}],"wp:attachment":[{"href":"https:\/\/www.lampu-schmuck.de\/index.php\/wp-json\/wp\/v2\/media?parent=1705"}],"wp:term":[{"taxonomy":"product_brand","embeddable":true,"href":"https:\/\/www.lampu-schmuck.de\/index.php\/wp-json\/wp\/v2\/product_brand?post=1705"},{"taxonomy":"product_cat","embeddable":true,"href":"https:\/\/www.lampu-schmuck.de\/index.php\/wp-json\/wp\/v2\/product_cat?post=1705"},{"taxonomy":"product_tag","embeddable":true,"href":"https:\/\/www.lampu-schmuck.de\/index.php\/wp-json\/wp\/v2\/product_tag?post=1705"}],"curies":[{"name":"wp","href":"https:\/\/api.w.org\/{rel}","templated":true}]}}