{"id":1692,"date":"2021-07-17T19:23:57","date_gmt":"2021-07-17T19:23:57","guid":{"rendered":"https:\/\/www.lampu-schmuck.de\/?post_type=product&#038;p=1692"},"modified":"2023-10-25T08:37:37","modified_gmt":"2023-10-25T08:37:37","slug":"wood-507102","status":"publish","type":"product","link":"https:\/\/www.lampu-schmuck.de\/index.php\/produkt\/wood-507102\/","title":{"rendered":"Wood 507102"},"content":{"rendered":"<p>Geh\u00e4usematerial und Schlie\u00dfe: Edelstahl mit Echtholzeinlage<\/p>\n<p>Geh\u00e4usedurchmesser: 40 mm. Ziffernblatt Permutt braun<\/p>\n<p>Breite des veganen Bandes: 18 mm<\/p>\n<p>Weitere Modelle, die wir f\u00fcr Sie auf Anfrage liefern k\u00f6nnen, finden Sie unter:<\/p>\n<p><strong>www.rolf-cremer.de\/uhren<\/strong><\/p>\n","protected":false},"excerpt":{"rendered":"<p>Geh\u00e4usematerial und Schlie\u00dfe: Edelstahl mit Echtholzeinlage Geh\u00e4usedurchmesser: 40 mm. Ziffernblatt Permutt braun Breite des veganen Bandes: 18 mm Weitere Modelle, die wir f\u00fcr Sie auf Anfrage liefern k\u00f6nnen, finden Sie unter: www.rolf-cremer.de\/uhren<\/p>\n","protected":false},"featured_media":1781,"template":"","meta":[],"product_brand":[],"product_cat":[64,65,66,49],"product_tag":[],"class_list":{"0":"post-1692","1":"product","2":"type-product","3":"status-publish","4":"has-post-thumbnail","6":"product_cat-damenuhr","7":"product_cat-herrenuhr","8":"product_cat-rolfcremer","9":"product_cat-uhren","11":"first","12":"outofstock","13":"taxable","14":"shipping-taxable","15":"purchasable","16":"product-type-simple"},"_links":{"self":[{"href":"https:\/\/www.lampu-schmuck.de\/index.php\/wp-json\/wp\/v2\/product\/1692","targetHints":{"allow":["GET"]}}],"collection":[{"href":"https:\/\/www.lampu-schmuck.de\/index.php\/wp-json\/wp\/v2\/product"}],"about":[{"href":"https:\/\/www.lampu-schmuck.de\/index.php\/wp-json\/wp\/v2\/types\/product"}],"wp:featuredmedia":[{"embeddable":true,"href":"https:\/\/www.lampu-schmuck.de\/index.php\/wp-json\/wp\/v2\/media\/1781"}],"wp:attachment":[{"href":"https:\/\/www.lampu-schmuck.de\/index.php\/wp-json\/wp\/v2\/media?parent=1692"}],"wp:term":[{"taxonomy":"product_brand","embeddable":true,"href":"https:\/\/www.lampu-schmuck.de\/index.php\/wp-json\/wp\/v2\/product_brand?post=1692"},{"taxonomy":"product_cat","embeddable":true,"href":"https:\/\/www.lampu-schmuck.de\/index.php\/wp-json\/wp\/v2\/product_cat?post=1692"},{"taxonomy":"product_tag","embeddable":true,"href":"https:\/\/www.lampu-schmuck.de\/index.php\/wp-json\/wp\/v2\/product_tag?post=1692"}],"curies":[{"name":"wp","href":"https:\/\/api.w.org\/{rel}","templated":true}]}}