{"id":1689,"date":"2021-07-17T19:12:14","date_gmt":"2021-07-17T19:12:14","guid":{"rendered":"https:\/\/www.lampu-schmuck.de\/?post_type=product&#038;p=1689"},"modified":"2024-10-22T11:37:37","modified_gmt":"2024-10-22T11:37:37","slug":"wood-507108","status":"publish","type":"product","link":"https:\/\/www.lampu-schmuck.de\/index.php\/produkt\/wood-507108\/","title":{"rendered":"Wood 507108"},"content":{"rendered":"<p>Geh\u00e4usematerial und Schlie\u00dfe: Edelstahl mit Echtholzeinlage<\/p>\n<p>Geh\u00e4usedurchmesser: 40 mm. Ziffernblatt Permutt<\/p>\n<p>Breite des veganen Bandes: 18 mm<\/p>\n<p>Weitere Modelle, die wir f\u00fcr Sie auf Anfrage liefern k\u00f6nnen, finden Sie unter:<\/p>\n<p><strong>www.rolf-cremer.de\/uhren<\/strong><\/p>\n","protected":false},"excerpt":{"rendered":"<p>Geh\u00e4usematerial und Schlie\u00dfe: Edelstahl mit Echtholzeinlage Geh\u00e4usedurchmesser: 40 mm. Ziffernblatt Permutt Breite des veganen Bandes: 18 mm Weitere Modelle, die wir f\u00fcr Sie auf Anfrage liefern k\u00f6nnen, finden Sie unter: www.rolf-cremer.de\/uhren<\/p>\n","protected":false},"featured_media":1784,"template":"","meta":[],"product_brand":[],"product_cat":[64,65,66,49],"product_tag":[],"class_list":{"0":"post-1689","1":"product","2":"type-product","3":"status-publish","4":"has-post-thumbnail","6":"product_cat-damenuhr","7":"product_cat-herrenuhr","8":"product_cat-rolfcremer","9":"product_cat-uhren","11":"first","12":"outofstock","13":"taxable","14":"shipping-taxable","15":"purchasable","16":"product-type-simple"},"_links":{"self":[{"href":"https:\/\/www.lampu-schmuck.de\/index.php\/wp-json\/wp\/v2\/product\/1689","targetHints":{"allow":["GET"]}}],"collection":[{"href":"https:\/\/www.lampu-schmuck.de\/index.php\/wp-json\/wp\/v2\/product"}],"about":[{"href":"https:\/\/www.lampu-schmuck.de\/index.php\/wp-json\/wp\/v2\/types\/product"}],"wp:featuredmedia":[{"embeddable":true,"href":"https:\/\/www.lampu-schmuck.de\/index.php\/wp-json\/wp\/v2\/media\/1784"}],"wp:attachment":[{"href":"https:\/\/www.lampu-schmuck.de\/index.php\/wp-json\/wp\/v2\/media?parent=1689"}],"wp:term":[{"taxonomy":"product_brand","embeddable":true,"href":"https:\/\/www.lampu-schmuck.de\/index.php\/wp-json\/wp\/v2\/product_brand?post=1689"},{"taxonomy":"product_cat","embeddable":true,"href":"https:\/\/www.lampu-schmuck.de\/index.php\/wp-json\/wp\/v2\/product_cat?post=1689"},{"taxonomy":"product_tag","embeddable":true,"href":"https:\/\/www.lampu-schmuck.de\/index.php\/wp-json\/wp\/v2\/product_tag?post=1689"}],"curies":[{"name":"wp","href":"https:\/\/api.w.org\/{rel}","templated":true}]}}