{"id":1678,"date":"2021-07-17T18:55:01","date_gmt":"2021-07-17T18:55:01","guid":{"rendered":"https:\/\/www.lampu-schmuck.de\/?post_type=product&#038;p=1678"},"modified":"2021-08-04T12:54:55","modified_gmt":"2021-08-04T12:54:55","slug":"big-turn-503420","status":"publish","type":"product","link":"https:\/\/www.lampu-schmuck.de\/index.php\/produkt\/big-turn-503420\/","title":{"rendered":"Big Turn 503420"},"content":{"rendered":"<div id=\"werbetextlang\">\n<p>Unseren unangefochtenen Klassiker, die TURN, neu zu denken \u2013 und zwar gro\u00df zu denken, ist mal wieder typisch f\u00fcr Rolf Cremer. F\u00fcr alle, die sich an ihrer TURN nicht sattsehen k\u00f6nnen, gibt es jetzt die gro\u00dfe Ausf\u00fchrung, die BIG TURN. Und die mit unglaublich attraktiven Farben und wundervollen Ziffernbl\u00e4ttern.<\/p>\n<p>Geh\u00e4usematerial und Schlie\u00dfe: Titan<\/p>\n<p>Geh\u00e4usema\u00dfe: ca. 28 x 40 mm<\/p>\n<p>Weitere Modelle, die wir f\u00fcr Sie auf Anfrage liefern k\u00f6nnen, finden Sie unter:<\/p>\n<p><strong>www.rolf-cremer.de\/uhren<\/strong><\/p>\n<\/div>\n","protected":false},"excerpt":{"rendered":"<p>Unseren unangefochtenen Klassiker, die TURN, neu zu denken \u2013 und zwar gro\u00df zu denken, ist mal wieder typisch f\u00fcr Rolf Cremer. F\u00fcr alle, die sich an ihrer TURN nicht sattsehen k\u00f6nnen, gibt es jetzt die gro\u00dfe Ausf\u00fchrung, die BIG TURN. Und die mit unglaublich attraktiven Farben und wundervollen Ziffernbl\u00e4ttern. Geh\u00e4usematerial und Schlie\u00dfe: Titan Geh\u00e4usema\u00dfe: ca. [&hellip;]<\/p>\n","protected":false},"featured_media":1728,"template":"","meta":[],"product_brand":[],"product_cat":[64,66,49],"product_tag":[],"class_list":{"0":"post-1678","1":"product","2":"type-product","3":"status-publish","4":"has-post-thumbnail","6":"product_cat-damenuhr","7":"product_cat-rolfcremer","8":"product_cat-uhren","10":"first","11":"outofstock","12":"taxable","13":"shipping-taxable","14":"purchasable","15":"product-type-simple"},"_links":{"self":[{"href":"https:\/\/www.lampu-schmuck.de\/index.php\/wp-json\/wp\/v2\/product\/1678","targetHints":{"allow":["GET"]}}],"collection":[{"href":"https:\/\/www.lampu-schmuck.de\/index.php\/wp-json\/wp\/v2\/product"}],"about":[{"href":"https:\/\/www.lampu-schmuck.de\/index.php\/wp-json\/wp\/v2\/types\/product"}],"wp:featuredmedia":[{"embeddable":true,"href":"https:\/\/www.lampu-schmuck.de\/index.php\/wp-json\/wp\/v2\/media\/1728"}],"wp:attachment":[{"href":"https:\/\/www.lampu-schmuck.de\/index.php\/wp-json\/wp\/v2\/media?parent=1678"}],"wp:term":[{"taxonomy":"product_brand","embeddable":true,"href":"https:\/\/www.lampu-schmuck.de\/index.php\/wp-json\/wp\/v2\/product_brand?post=1678"},{"taxonomy":"product_cat","embeddable":true,"href":"https:\/\/www.lampu-schmuck.de\/index.php\/wp-json\/wp\/v2\/product_cat?post=1678"},{"taxonomy":"product_tag","embeddable":true,"href":"https:\/\/www.lampu-schmuck.de\/index.php\/wp-json\/wp\/v2\/product_tag?post=1678"}],"curies":[{"name":"wp","href":"https:\/\/api.w.org\/{rel}","templated":true}]}}