{"id":1664,"date":"2021-07-17T17:41:34","date_gmt":"2021-07-17T17:41:34","guid":{"rendered":"https:\/\/www.lampu-schmuck.de\/?post_type=product&#038;p=1664"},"modified":"2024-10-22T11:00:48","modified_gmt":"2024-10-22T11:00:48","slug":"big-corner-506858","status":"publish","type":"product","link":"https:\/\/www.lampu-schmuck.de\/index.php\/produkt\/big-corner-506858\/","title":{"rendered":"Big Corner 506858"},"content":{"rendered":"<p>eh\u00e4usematerial und Schlie\u00dfe: Edelstahl<\/p>\n<p>Geh\u00e4usedurchmesser: 45 mm. Wei\u00dfes Ziffernblatt<\/p>\n<p>Breite des Bandes: 18 mm<\/p>\n<p>Weitere Modelle, die wir f\u00fcr Sie auf Anfrage liefern k\u00f6nnen, finden Sie unter:<\/p>\n<p><strong>www.rolf-cremer.de\/uhren<\/strong><\/p>\n","protected":false},"excerpt":{"rendered":"<p>eh\u00e4usematerial und Schlie\u00dfe: Edelstahl Geh\u00e4usedurchmesser: 45 mm. Wei\u00dfes Ziffernblatt Breite des Bandes: 18 mm Weitere Modelle, die wir f\u00fcr Sie auf Anfrage liefern k\u00f6nnen, finden Sie unter: www.rolf-cremer.de\/uhren<\/p>\n","protected":false},"featured_media":1773,"template":"","meta":[],"product_brand":[],"product_cat":[64,65,66,49],"product_tag":[],"class_list":{"0":"post-1664","1":"product","2":"type-product","3":"status-publish","4":"has-post-thumbnail","6":"product_cat-damenuhr","7":"product_cat-herrenuhr","8":"product_cat-rolfcremer","9":"product_cat-uhren","11":"first","12":"outofstock","13":"taxable","14":"shipping-taxable","15":"purchasable","16":"product-type-simple"},"_links":{"self":[{"href":"https:\/\/www.lampu-schmuck.de\/index.php\/wp-json\/wp\/v2\/product\/1664","targetHints":{"allow":["GET"]}}],"collection":[{"href":"https:\/\/www.lampu-schmuck.de\/index.php\/wp-json\/wp\/v2\/product"}],"about":[{"href":"https:\/\/www.lampu-schmuck.de\/index.php\/wp-json\/wp\/v2\/types\/product"}],"wp:featuredmedia":[{"embeddable":true,"href":"https:\/\/www.lampu-schmuck.de\/index.php\/wp-json\/wp\/v2\/media\/1773"}],"wp:attachment":[{"href":"https:\/\/www.lampu-schmuck.de\/index.php\/wp-json\/wp\/v2\/media?parent=1664"}],"wp:term":[{"taxonomy":"product_brand","embeddable":true,"href":"https:\/\/www.lampu-schmuck.de\/index.php\/wp-json\/wp\/v2\/product_brand?post=1664"},{"taxonomy":"product_cat","embeddable":true,"href":"https:\/\/www.lampu-schmuck.de\/index.php\/wp-json\/wp\/v2\/product_cat?post=1664"},{"taxonomy":"product_tag","embeddable":true,"href":"https:\/\/www.lampu-schmuck.de\/index.php\/wp-json\/wp\/v2\/product_tag?post=1664"}],"curies":[{"name":"wp","href":"https:\/\/api.w.org\/{rel}","templated":true}]}}