{"id":1651,"date":"2021-07-17T15:27:27","date_gmt":"2021-07-17T15:27:27","guid":{"rendered":"https:\/\/www.lampu-schmuck.de\/?post_type=product&#038;p=1651"},"modified":"2022-06-15T11:36:57","modified_gmt":"2022-06-15T11:36:57","slug":"karat-507001","status":"publish","type":"product","link":"https:\/\/www.lampu-schmuck.de\/index.php\/produkt\/karat-507001\/","title":{"rendered":"Karat 507001"},"content":{"rendered":"<p>Geh\u00e4usematerial und Schlie\u00dfe: Edelstahl<\/p>\n<p>Geh\u00e4usebreite: 36 mm.\u00a0 Ziffernblatt grau\/silber, silber<\/p>\n<p>Breite des Bandes: 20 mm<\/p>\n<p>Weitere Modelle, die wir f\u00fcr Sie auf Anfrage liefern k\u00f6nnen, finden Sie unter:<\/p>\n<p><strong>www.rolf-cremer.de\/uhren<\/strong><\/p>\n","protected":false},"excerpt":{"rendered":"<p>Geh\u00e4usematerial und Schlie\u00dfe: Edelstahl Geh\u00e4usebreite: 36 mm.\u00a0 Ziffernblatt grau\/silber, silber Breite des Bandes: 20 mm Weitere Modelle, die wir f\u00fcr Sie auf Anfrage liefern k\u00f6nnen, finden Sie unter: www.rolf-cremer.de\/uhren<\/p>\n","protected":false},"featured_media":1744,"template":"","meta":[],"product_brand":[],"product_cat":[64,66,49],"product_tag":[],"class_list":{"0":"post-1651","1":"product","2":"type-product","3":"status-publish","4":"has-post-thumbnail","6":"product_cat-damenuhr","7":"product_cat-rolfcremer","8":"product_cat-uhren","10":"first","11":"outofstock","12":"taxable","13":"shipping-taxable","14":"purchasable","15":"product-type-simple"},"_links":{"self":[{"href":"https:\/\/www.lampu-schmuck.de\/index.php\/wp-json\/wp\/v2\/product\/1651","targetHints":{"allow":["GET"]}}],"collection":[{"href":"https:\/\/www.lampu-schmuck.de\/index.php\/wp-json\/wp\/v2\/product"}],"about":[{"href":"https:\/\/www.lampu-schmuck.de\/index.php\/wp-json\/wp\/v2\/types\/product"}],"wp:featuredmedia":[{"embeddable":true,"href":"https:\/\/www.lampu-schmuck.de\/index.php\/wp-json\/wp\/v2\/media\/1744"}],"wp:attachment":[{"href":"https:\/\/www.lampu-schmuck.de\/index.php\/wp-json\/wp\/v2\/media?parent=1651"}],"wp:term":[{"taxonomy":"product_brand","embeddable":true,"href":"https:\/\/www.lampu-schmuck.de\/index.php\/wp-json\/wp\/v2\/product_brand?post=1651"},{"taxonomy":"product_cat","embeddable":true,"href":"https:\/\/www.lampu-schmuck.de\/index.php\/wp-json\/wp\/v2\/product_cat?post=1651"},{"taxonomy":"product_tag","embeddable":true,"href":"https:\/\/www.lampu-schmuck.de\/index.php\/wp-json\/wp\/v2\/product_tag?post=1651"}],"curies":[{"name":"wp","href":"https:\/\/api.w.org\/{rel}","templated":true}]}}