{"id":1649,"date":"2021-07-17T15:19:55","date_gmt":"2021-07-17T15:19:55","guid":{"rendered":"https:\/\/www.lampu-schmuck.de\/?post_type=product&#038;p=1649"},"modified":"2022-02-21T13:22:57","modified_gmt":"2022-02-21T13:22:57","slug":"turn-492366","status":"publish","type":"product","link":"https:\/\/www.lampu-schmuck.de\/index.php\/produkt\/turn-492366\/","title":{"rendered":"Turn 492366"},"content":{"rendered":"<div id=\"werbetextlang\">\n<p>Ganz sch\u00f6n schr\u00e4g! Unser Modell TURN z\u00e4hlt bereits zu den modernen Klassikern. Ihr Geh\u00e4use ist dem Uhrentr\u00e4ger zugeneigt und das Ziffernblatt deshalb sehr gut ablesbar. Seit Jahren schon erscheint die TURN in immer wieder neuen Varianten.<\/p>\n<p>Geh\u00e4usematerial aller TURN: Titan.\u00a0 Ziffernblatt schwarz<\/p>\n<p>Kantenl\u00e4nge des Geh\u00e4usequadrats: ca. 23 mm<\/p>\n<\/div>\n<p>Weitere Modelle, die wir f\u00fcr Sie auf Anfrage liefern k\u00f6nnen, finden Sie unter:<\/p>\n<p><strong>www.rolf-cremer.de\/uhren<\/strong><\/p>\n","protected":false},"excerpt":{"rendered":"<p>Ganz sch\u00f6n schr\u00e4g! Unser Modell TURN z\u00e4hlt bereits zu den modernen Klassikern. Ihr Geh\u00e4use ist dem Uhrentr\u00e4ger zugeneigt und das Ziffernblatt deshalb sehr gut ablesbar. Seit Jahren schon erscheint die TURN in immer wieder neuen Varianten. Geh\u00e4usematerial aller TURN: Titan.\u00a0 Ziffernblatt schwarz Kantenl\u00e4nge des Geh\u00e4usequadrats: ca. 23 mm Weitere Modelle, die wir f\u00fcr Sie auf [&hellip;]<\/p>\n","protected":false},"featured_media":1757,"template":"","meta":[],"product_brand":[],"product_cat":[64,66,49],"product_tag":[],"class_list":{"0":"post-1649","1":"product","2":"type-product","3":"status-publish","4":"has-post-thumbnail","6":"product_cat-damenuhr","7":"product_cat-rolfcremer","8":"product_cat-uhren","10":"first","11":"outofstock","12":"taxable","13":"shipping-taxable","14":"purchasable","15":"product-type-simple"},"_links":{"self":[{"href":"https:\/\/www.lampu-schmuck.de\/index.php\/wp-json\/wp\/v2\/product\/1649","targetHints":{"allow":["GET"]}}],"collection":[{"href":"https:\/\/www.lampu-schmuck.de\/index.php\/wp-json\/wp\/v2\/product"}],"about":[{"href":"https:\/\/www.lampu-schmuck.de\/index.php\/wp-json\/wp\/v2\/types\/product"}],"wp:featuredmedia":[{"embeddable":true,"href":"https:\/\/www.lampu-schmuck.de\/index.php\/wp-json\/wp\/v2\/media\/1757"}],"wp:attachment":[{"href":"https:\/\/www.lampu-schmuck.de\/index.php\/wp-json\/wp\/v2\/media?parent=1649"}],"wp:term":[{"taxonomy":"product_brand","embeddable":true,"href":"https:\/\/www.lampu-schmuck.de\/index.php\/wp-json\/wp\/v2\/product_brand?post=1649"},{"taxonomy":"product_cat","embeddable":true,"href":"https:\/\/www.lampu-schmuck.de\/index.php\/wp-json\/wp\/v2\/product_cat?post=1649"},{"taxonomy":"product_tag","embeddable":true,"href":"https:\/\/www.lampu-schmuck.de\/index.php\/wp-json\/wp\/v2\/product_tag?post=1649"}],"curies":[{"name":"wp","href":"https:\/\/api.w.org\/{rel}","templated":true}]}}