{"id":1569,"date":"2021-07-12T15:38:02","date_gmt":"2021-07-12T15:38:02","guid":{"rendered":"https:\/\/www.lampu-schmuck.de\/?post_type=product&#038;p=1569"},"modified":"2021-07-12T15:41:10","modified_gmt":"2021-07-12T15:41:10","slug":"schlangenkette-silber-o-19mm","status":"publish","type":"product","link":"https:\/\/www.lampu-schmuck.de\/index.php\/produkt\/schlangenkette-silber-o-19mm\/","title":{"rendered":"Schlangenkette Silber \u00d8 1,9mm"},"content":{"rendered":"<p>Schlangenkette in 925er Sterling Silber mit \u00d8 1,9mm in variablen L\u00e4ngen von 42cm\u00a0 bis 60cm.<\/p>\n","protected":false},"excerpt":{"rendered":"<p>Schlangenkette in 925er Sterling Silber mit \u00d8 1,9mm in variablen L\u00e4ngen von 42cm\u00a0 bis 60cm.<\/p>\n","protected":false},"featured_media":1568,"template":"","meta":[],"product_brand":[],"product_cat":[58,35,48,61],"product_tag":[],"class_list":{"0":"post-1569","1":"product","2":"type-product","3":"status-publish","4":"has-post-thumbnail","6":"product_cat-halsketten","7":"product_cat-ohnestein","8":"product_cat-schmuck","9":"product_cat-silber","11":"first","12":"instock","13":"taxable","14":"shipping-taxable","15":"purchasable","16":"product-type-variable","17":"has-default-attributes"},"_links":{"self":[{"href":"https:\/\/www.lampu-schmuck.de\/index.php\/wp-json\/wp\/v2\/product\/1569","targetHints":{"allow":["GET"]}}],"collection":[{"href":"https:\/\/www.lampu-schmuck.de\/index.php\/wp-json\/wp\/v2\/product"}],"about":[{"href":"https:\/\/www.lampu-schmuck.de\/index.php\/wp-json\/wp\/v2\/types\/product"}],"wp:featuredmedia":[{"embeddable":true,"href":"https:\/\/www.lampu-schmuck.de\/index.php\/wp-json\/wp\/v2\/media\/1568"}],"wp:attachment":[{"href":"https:\/\/www.lampu-schmuck.de\/index.php\/wp-json\/wp\/v2\/media?parent=1569"}],"wp:term":[{"taxonomy":"product_brand","embeddable":true,"href":"https:\/\/www.lampu-schmuck.de\/index.php\/wp-json\/wp\/v2\/product_brand?post=1569"},{"taxonomy":"product_cat","embeddable":true,"href":"https:\/\/www.lampu-schmuck.de\/index.php\/wp-json\/wp\/v2\/product_cat?post=1569"},{"taxonomy":"product_tag","embeddable":true,"href":"https:\/\/www.lampu-schmuck.de\/index.php\/wp-json\/wp\/v2\/product_tag?post=1569"}],"curies":[{"name":"wp","href":"https:\/\/api.w.org\/{rel}","templated":true}]}}