{"id":1469,"date":"2021-06-04T15:34:43","date_gmt":"2021-06-04T15:34:43","guid":{"rendered":"https:\/\/www.lampu-schmuck.de\/?post_type=product&#038;p=1469"},"modified":"2021-06-08T08:55:13","modified_gmt":"2021-06-08T08:55:13","slug":"34440-708-solar","status":"publish","type":"product","link":"https:\/\/www.lampu-schmuck.de\/index.php\/produkt\/34440-708-solar\/","title":{"rendered":"Herrenuhr 34440-708 Solar, Chronograph"},"content":{"rendered":"<p>Sportlicher Herren Chronograph aus der &#8222;Solar Collection&#8220; von Bering &#8211; matt geb\u00fcrstetes Edelstahlgeh\u00e4use mit blauer kratzbest\u00e4ndiger Ceramic L\u00fcnette, matt und gl\u00e4nzend gearbeitetes Edelstahlband mit Druck-Butterflyschlie\u00dfe, kratzbest\u00e4ndiges Saphirglas, 5 ATM wasserdicht, nie mehr Batteriewechsel: pr\u00e4zises Solar Quarzwerk mit 6-12 Monaten Gangreserve, Stoppfunktion und Datum, matt nachtblaues Zifferblatt mit teils silberfarben abgesetzten Totalisatoren, gl\u00e4nzend silberfarbene Zeigern, nachtleuchtend, orange dezentrale Sekunde, Geh\u00e4usedurchmesser ca. 40 mm, H\u00f6he nur ca. 11 mm, Bandbreite 25 mm, max. nutzbare L\u00e4nge 23 cm, individuell k\u00fcrzbar bzw. zus\u00e4tzliche Bandelemente bestellbar, verpackt in original Bering Uhrenverpackung.<\/p>\n","protected":false},"excerpt":{"rendered":"<p>Sportlicher Herren Chronograph aus der &#8222;Solar Collection&#8220; von Bering &#8211; matt geb\u00fcrstetes Edelstahlgeh\u00e4use mit blauer kratzbest\u00e4ndiger Ceramic L\u00fcnette, matt und gl\u00e4nzend gearbeitetes Edelstahlband mit Druck-Butterflyschlie\u00dfe, kratzbest\u00e4ndiges Saphirglas, 5 ATM wasserdicht, nie mehr Batteriewechsel: pr\u00e4zises Solar Quarzwerk mit 6-12 Monaten Gangreserve, Stoppfunktion und Datum, matt nachtblaues Zifferblatt mit teils silberfarben abgesetzten Totalisatoren, gl\u00e4nzend silberfarbene Zeigern, nachtleuchtend, [&hellip;]<\/p>\n","protected":false},"featured_media":1489,"template":"","meta":[],"product_brand":[],"product_cat":[67,65,49],"product_tag":[],"class_list":{"0":"post-1469","1":"product","2":"type-product","3":"status-publish","4":"has-post-thumbnail","6":"product_cat-bering","7":"product_cat-herrenuhr","8":"product_cat-uhren","10":"first","11":"instock","12":"taxable","13":"shipping-taxable","14":"purchasable","15":"product-type-simple"},"_links":{"self":[{"href":"https:\/\/www.lampu-schmuck.de\/index.php\/wp-json\/wp\/v2\/product\/1469","targetHints":{"allow":["GET"]}}],"collection":[{"href":"https:\/\/www.lampu-schmuck.de\/index.php\/wp-json\/wp\/v2\/product"}],"about":[{"href":"https:\/\/www.lampu-schmuck.de\/index.php\/wp-json\/wp\/v2\/types\/product"}],"wp:featuredmedia":[{"embeddable":true,"href":"https:\/\/www.lampu-schmuck.de\/index.php\/wp-json\/wp\/v2\/media\/1489"}],"wp:attachment":[{"href":"https:\/\/www.lampu-schmuck.de\/index.php\/wp-json\/wp\/v2\/media?parent=1469"}],"wp:term":[{"taxonomy":"product_brand","embeddable":true,"href":"https:\/\/www.lampu-schmuck.de\/index.php\/wp-json\/wp\/v2\/product_brand?post=1469"},{"taxonomy":"product_cat","embeddable":true,"href":"https:\/\/www.lampu-schmuck.de\/index.php\/wp-json\/wp\/v2\/product_cat?post=1469"},{"taxonomy":"product_tag","embeddable":true,"href":"https:\/\/www.lampu-schmuck.de\/index.php\/wp-json\/wp\/v2\/product_tag?post=1469"}],"curies":[{"name":"wp","href":"https:\/\/api.w.org\/{rel}","templated":true}]}}