{"id":1466,"date":"2021-05-31T20:43:40","date_gmt":"2021-05-31T20:43:40","guid":{"rendered":"https:\/\/www.lampu-schmuck.de\/?post_type=product&#038;p=1466"},"modified":"2024-10-22T11:34:16","modified_gmt":"2024-10-22T11:34:16","slug":"u-496102","status":"publish","type":"product","link":"https:\/\/www.lampu-schmuck.de\/index.php\/produkt\/u-496102\/","title":{"rendered":"U 496102"},"content":{"rendered":"<div id=\"werbetextlang\">\n<p>\u201eOnly U\u201c? Von Rolf Cremer gibt es so viele Modelle, eines attraktiver als das andere, dass man sie am liebsten alle h\u00e4tte. Sich also <em>nur<\/em> auf die U zu beschr\u00e4nken, w\u00e4re einfach zu schade. Wir texten also um: \u201eNun auch die U\u201c. Sie ist eine der Protagonisten der Asymmetrie, die immer wieder in der typischen Designsprache unserer Uhren auftritt. Ganz klar, ganz geradlinig, dabei nach rechts \u00f6ffnend.<\/p>\n<p>Geh\u00e4usematerial und Schlie\u00dfe: Edelstahl<\/p>\n<p>Geh\u00e4usema\u00dfe: ca. 30 x 38 mm<\/p>\n<\/div>\n<p>Weitere Modelle, die wir f\u00fcr Sie auf Anfrage liefern k\u00f6nnen, finden Sie unter:<\/p>\n<p><strong>www.rolf-cremer.de\/uhren<\/strong><\/p>\n<p>&nbsp;<\/p>\n","protected":false},"excerpt":{"rendered":"<p>\u201eOnly U\u201c? Von Rolf Cremer gibt es so viele Modelle, eines attraktiver als das andere, dass man sie am liebsten alle h\u00e4tte. Sich also nur auf die U zu beschr\u00e4nken, w\u00e4re einfach zu schade. Wir texten also um: \u201eNun auch die U\u201c. Sie ist eine der Protagonisten der Asymmetrie, die immer wieder in der typischen [&hellip;]<\/p>\n","protected":false},"featured_media":1455,"template":"","meta":[],"product_brand":[],"product_cat":[65,66,49],"product_tag":[],"class_list":{"0":"post-1466","1":"product","2":"type-product","3":"status-publish","4":"has-post-thumbnail","6":"product_cat-herrenuhr","7":"product_cat-rolfcremer","8":"product_cat-uhren","10":"first","11":"outofstock","12":"taxable","13":"shipping-taxable","14":"purchasable","15":"product-type-simple"},"_links":{"self":[{"href":"https:\/\/www.lampu-schmuck.de\/index.php\/wp-json\/wp\/v2\/product\/1466","targetHints":{"allow":["GET"]}}],"collection":[{"href":"https:\/\/www.lampu-schmuck.de\/index.php\/wp-json\/wp\/v2\/product"}],"about":[{"href":"https:\/\/www.lampu-schmuck.de\/index.php\/wp-json\/wp\/v2\/types\/product"}],"wp:featuredmedia":[{"embeddable":true,"href":"https:\/\/www.lampu-schmuck.de\/index.php\/wp-json\/wp\/v2\/media\/1455"}],"wp:attachment":[{"href":"https:\/\/www.lampu-schmuck.de\/index.php\/wp-json\/wp\/v2\/media?parent=1466"}],"wp:term":[{"taxonomy":"product_brand","embeddable":true,"href":"https:\/\/www.lampu-schmuck.de\/index.php\/wp-json\/wp\/v2\/product_brand?post=1466"},{"taxonomy":"product_cat","embeddable":true,"href":"https:\/\/www.lampu-schmuck.de\/index.php\/wp-json\/wp\/v2\/product_cat?post=1466"},{"taxonomy":"product_tag","embeddable":true,"href":"https:\/\/www.lampu-schmuck.de\/index.php\/wp-json\/wp\/v2\/product_tag?post=1466"}],"curies":[{"name":"wp","href":"https:\/\/api.w.org\/{rel}","templated":true}]}}