{"id":1446,"date":"2021-05-30T15:57:45","date_gmt":"2021-05-30T15:57:45","guid":{"rendered":"https:\/\/www.lampu-schmuck.de\/?post_type=product&#038;p=1446"},"modified":"2021-08-04T12:58:26","modified_gmt":"2021-08-04T12:58:26","slug":"signo-503901","status":"publish","type":"product","link":"https:\/\/www.lampu-schmuck.de\/index.php\/produkt\/signo-503901\/","title":{"rendered":"Signo 503910"},"content":{"rendered":"<div id=\"werbetextlang\">\n<p>Die SIGNO setzt Zeichen. SIGNO \u201eist\u201c Zeichen. Wie schwebend ein Kreis \u2013 akzentuiert durch Geraden und Kreis\/Kugel. Zentriert und doch bewegt. Ein Universum, in dem die Zeit ihre Runden zieht \u2013 in dem sich das Leben zeigt \u2013 Lebenszeichen. SIGNO.<\/p>\n<p>Geh\u00e4usedurchmesser: ca. 40 mm<\/p>\n<p>Geh\u00e4usematerial und Schlie\u00dfe: Edelstahl<\/p>\n<p>Weitere Modelle, die wir f\u00fcr Sie auf Anfrage liefern k\u00f6nnen, finden Sie unter:<\/p>\n<p><strong>www.rolf-cremer.de\/uhren<\/strong><\/p>\n<\/div>\n","protected":false},"excerpt":{"rendered":"<p>Die SIGNO setzt Zeichen. SIGNO \u201eist\u201c Zeichen. Wie schwebend ein Kreis \u2013 akzentuiert durch Geraden und Kreis\/Kugel. Zentriert und doch bewegt. Ein Universum, in dem die Zeit ihre Runden zieht \u2013 in dem sich das Leben zeigt \u2013 Lebenszeichen. SIGNO. Geh\u00e4usedurchmesser: ca. 40 mm Geh\u00e4usematerial und Schlie\u00dfe: Edelstahl Weitere Modelle, die wir f\u00fcr Sie auf [&hellip;]<\/p>\n","protected":false},"featured_media":1413,"template":"","meta":[],"product_brand":[],"product_cat":[65,66,49],"product_tag":[],"class_list":{"0":"post-1446","1":"product","2":"type-product","3":"status-publish","4":"has-post-thumbnail","6":"product_cat-herrenuhr","7":"product_cat-rolfcremer","8":"product_cat-uhren","10":"first","11":"outofstock","12":"taxable","13":"shipping-taxable","14":"purchasable","15":"product-type-simple"},"_links":{"self":[{"href":"https:\/\/www.lampu-schmuck.de\/index.php\/wp-json\/wp\/v2\/product\/1446","targetHints":{"allow":["GET"]}}],"collection":[{"href":"https:\/\/www.lampu-schmuck.de\/index.php\/wp-json\/wp\/v2\/product"}],"about":[{"href":"https:\/\/www.lampu-schmuck.de\/index.php\/wp-json\/wp\/v2\/types\/product"}],"wp:featuredmedia":[{"embeddable":true,"href":"https:\/\/www.lampu-schmuck.de\/index.php\/wp-json\/wp\/v2\/media\/1413"}],"wp:attachment":[{"href":"https:\/\/www.lampu-schmuck.de\/index.php\/wp-json\/wp\/v2\/media?parent=1446"}],"wp:term":[{"taxonomy":"product_brand","embeddable":true,"href":"https:\/\/www.lampu-schmuck.de\/index.php\/wp-json\/wp\/v2\/product_brand?post=1446"},{"taxonomy":"product_cat","embeddable":true,"href":"https:\/\/www.lampu-schmuck.de\/index.php\/wp-json\/wp\/v2\/product_cat?post=1446"},{"taxonomy":"product_tag","embeddable":true,"href":"https:\/\/www.lampu-schmuck.de\/index.php\/wp-json\/wp\/v2\/product_tag?post=1446"}],"curies":[{"name":"wp","href":"https:\/\/api.w.org\/{rel}","templated":true}]}}