{"id":1442,"date":"2021-05-30T15:44:53","date_gmt":"2021-05-30T15:44:53","guid":{"rendered":"https:\/\/www.lampu-schmuck.de\/?post_type=product&#038;p=1442"},"modified":"2024-10-22T11:05:17","modified_gmt":"2024-10-22T11:05:17","slug":"chess-506106","status":"publish","type":"product","link":"https:\/\/www.lampu-schmuck.de\/index.php\/produkt\/chess-506106\/","title":{"rendered":"Chess 506106"},"content":{"rendered":"<div id=\"werbetextlang\">\n<p>Kontraste sind ihr Thema, und damit eifert sie ihrem Namensgeber, dem Schachbrett, nach. Die strenge Geometrie des Quadrats vertr\u00e4gt sich gut mit den so unterschiedlichen Eigenschaften des geb\u00fcrsteten Edelstahls und des farblich abgesetzen, gl\u00e4sernen Einlegers.<\/p>\n<p>Geh\u00e4usematerial und Schlie\u00dfe: Edelstahl<\/p>\n<p>Geh\u00e4usema\u00dfe: ca. 36 x 36 mm<\/p>\n<p>Weitere Modelle, die wir f\u00fcr Sie auf Anfrage liefern k\u00f6nnen, finden Sie unter:<\/p>\n<p><strong>www.rolf-cremer.de\/uhren<\/strong><\/p>\n<\/div>\n","protected":false},"excerpt":{"rendered":"<p>Kontraste sind ihr Thema, und damit eifert sie ihrem Namensgeber, dem Schachbrett, nach. Die strenge Geometrie des Quadrats vertr\u00e4gt sich gut mit den so unterschiedlichen Eigenschaften des geb\u00fcrsteten Edelstahls und des farblich abgesetzen, gl\u00e4sernen Einlegers. Geh\u00e4usematerial und Schlie\u00dfe: Edelstahl Geh\u00e4usema\u00dfe: ca. 36 x 36 mm Weitere Modelle, die wir f\u00fcr Sie auf Anfrage liefern k\u00f6nnen, [&hellip;]<\/p>\n","protected":false},"featured_media":1411,"template":"","meta":[],"product_brand":[],"product_cat":[64,66,49],"product_tag":[],"class_list":{"0":"post-1442","1":"product","2":"type-product","3":"status-publish","4":"has-post-thumbnail","6":"product_cat-damenuhr","7":"product_cat-rolfcremer","8":"product_cat-uhren","10":"first","11":"outofstock","12":"taxable","13":"shipping-taxable","14":"purchasable","15":"product-type-simple"},"_links":{"self":[{"href":"https:\/\/www.lampu-schmuck.de\/index.php\/wp-json\/wp\/v2\/product\/1442","targetHints":{"allow":["GET"]}}],"collection":[{"href":"https:\/\/www.lampu-schmuck.de\/index.php\/wp-json\/wp\/v2\/product"}],"about":[{"href":"https:\/\/www.lampu-schmuck.de\/index.php\/wp-json\/wp\/v2\/types\/product"}],"wp:featuredmedia":[{"embeddable":true,"href":"https:\/\/www.lampu-schmuck.de\/index.php\/wp-json\/wp\/v2\/media\/1411"}],"wp:attachment":[{"href":"https:\/\/www.lampu-schmuck.de\/index.php\/wp-json\/wp\/v2\/media?parent=1442"}],"wp:term":[{"taxonomy":"product_brand","embeddable":true,"href":"https:\/\/www.lampu-schmuck.de\/index.php\/wp-json\/wp\/v2\/product_brand?post=1442"},{"taxonomy":"product_cat","embeddable":true,"href":"https:\/\/www.lampu-schmuck.de\/index.php\/wp-json\/wp\/v2\/product_cat?post=1442"},{"taxonomy":"product_tag","embeddable":true,"href":"https:\/\/www.lampu-schmuck.de\/index.php\/wp-json\/wp\/v2\/product_tag?post=1442"}],"curies":[{"name":"wp","href":"https:\/\/api.w.org\/{rel}","templated":true}]}}