{"id":1441,"date":"2021-05-30T15:36:57","date_gmt":"2021-05-30T15:36:57","guid":{"rendered":"https:\/\/www.lampu-schmuck.de\/?post_type=product&#038;p=1441"},"modified":"2024-10-22T11:06:37","modified_gmt":"2024-10-22T11:06:37","slug":"concepta-505603","status":"publish","type":"product","link":"https:\/\/www.lampu-schmuck.de\/index.php\/produkt\/concepta-505603\/","title":{"rendered":"Concepta 505603"},"content":{"rendered":"<div id=\"werbetextlang\">\n<p>Konzepte sollten klar sein, Orientierung bieten und bestenfalls eine geh\u00f6rige Portion Kreativit\u00e4t besitzen. Dass unsere CONCEPTA diesen Namen tr\u00e4gt, ist also nur folgerichtig. Ein aufger\u00e4umtes Ziffernblatt schafft Klarheit, die variantenreiche Ausf\u00fchrung in bester Rolf-Cremer-Philosophie spr\u00fcht nur so vor Einfallsreichtum. Durch ihr durchdachtes und einzigartiges Design erscheint die CONCEPTA sehr leicht und flach.<\/p>\n<p>Geh\u00e4usematerial und Schlie\u00dfe: Edelstahl<\/p>\n<p>Geh\u00e4usema\u00dfe: ca. 35 x 38 mm<\/p>\n<p>Weitere Modelle, die wir f\u00fcr Sie auf Anfrage liefern k\u00f6nnen, finden Sie unter:<\/p>\n<p><strong>www.rolf-cremer.de\/uhren<\/strong><\/p>\n<\/div>\n","protected":false},"excerpt":{"rendered":"<p>Konzepte sollten klar sein, Orientierung bieten und bestenfalls eine geh\u00f6rige Portion Kreativit\u00e4t besitzen. Dass unsere CONCEPTA diesen Namen tr\u00e4gt, ist also nur folgerichtig. Ein aufger\u00e4umtes Ziffernblatt schafft Klarheit, die variantenreiche Ausf\u00fchrung in bester Rolf-Cremer-Philosophie spr\u00fcht nur so vor Einfallsreichtum. Durch ihr durchdachtes und einzigartiges Design erscheint die CONCEPTA sehr leicht und flach. Geh\u00e4usematerial und Schlie\u00dfe: [&hellip;]<\/p>\n","protected":false},"featured_media":1433,"template":"","meta":[],"product_brand":[],"product_cat":[64,66,49],"product_tag":[],"class_list":{"0":"post-1441","1":"product","2":"type-product","3":"status-publish","4":"has-post-thumbnail","6":"product_cat-damenuhr","7":"product_cat-rolfcremer","8":"product_cat-uhren","10":"first","11":"outofstock","12":"taxable","13":"shipping-taxable","14":"purchasable","15":"product-type-simple"},"_links":{"self":[{"href":"https:\/\/www.lampu-schmuck.de\/index.php\/wp-json\/wp\/v2\/product\/1441","targetHints":{"allow":["GET"]}}],"collection":[{"href":"https:\/\/www.lampu-schmuck.de\/index.php\/wp-json\/wp\/v2\/product"}],"about":[{"href":"https:\/\/www.lampu-schmuck.de\/index.php\/wp-json\/wp\/v2\/types\/product"}],"wp:featuredmedia":[{"embeddable":true,"href":"https:\/\/www.lampu-schmuck.de\/index.php\/wp-json\/wp\/v2\/media\/1433"}],"wp:attachment":[{"href":"https:\/\/www.lampu-schmuck.de\/index.php\/wp-json\/wp\/v2\/media?parent=1441"}],"wp:term":[{"taxonomy":"product_brand","embeddable":true,"href":"https:\/\/www.lampu-schmuck.de\/index.php\/wp-json\/wp\/v2\/product_brand?post=1441"},{"taxonomy":"product_cat","embeddable":true,"href":"https:\/\/www.lampu-schmuck.de\/index.php\/wp-json\/wp\/v2\/product_cat?post=1441"},{"taxonomy":"product_tag","embeddable":true,"href":"https:\/\/www.lampu-schmuck.de\/index.php\/wp-json\/wp\/v2\/product_tag?post=1441"}],"curies":[{"name":"wp","href":"https:\/\/api.w.org\/{rel}","templated":true}]}}