{"id":1385,"date":"2021-05-28T20:21:05","date_gmt":"2021-05-28T20:21:05","guid":{"rendered":"https:\/\/www.lampu-schmuck.de\/?post_type=product&#038;p=1385"},"modified":"2024-10-02T16:44:56","modified_gmt":"2024-10-02T16:44:56","slug":"stecker-585er-gold","status":"publish","type":"product","link":"https:\/\/www.lampu-schmuck.de\/index.php\/produkt\/stecker-585er-gold\/","title":{"rendered":"Stecker 585er Gold"},"content":{"rendered":"<p>Ohrstecker mit Citrin \u00d8 5mm.<\/p>\n<p>Unter Altschmuck versteht sich Gold- und Silberschmuck mit unterschiedlichen Legierungen,<br \/>\nund verschiedenen Edelsteinen aus zweiter Hand. Daher in einem hervorragenden Preissegment.<br \/>\nDer Schmuck wurde gepr\u00fcft, gereinigt und \u00fcberarbeitet.<br \/>\nEs handelt sich um Einzelst\u00fccke unterschiedlicher Herkunft, die ebenso auch antik sein k\u00f6nnen.<\/p>\n<p>&nbsp;<\/p>\n<p>&nbsp;<\/p>\n","protected":false},"excerpt":{"rendered":"<p>Ohrstecker mit Citrin \u00d8 5mm. Unter Altschmuck versteht sich Gold- und Silberschmuck mit unterschiedlichen Legierungen, und verschiedenen Edelsteinen aus zweiter Hand. Daher in einem hervorragenden Preissegment. Der Schmuck wurde gepr\u00fcft, gereinigt und \u00fcberarbeitet. Es handelt sich um Einzelst\u00fccke unterschiedlicher Herkunft, die ebenso auch antik sein k\u00f6nnen. &nbsp; &nbsp;<\/p>\n","protected":false},"featured_media":1357,"template":"","meta":[],"product_brand":[],"product_cat":[62,46,36,50,48],"product_tag":[],"class_list":{"0":"post-1385","1":"product","2":"type-product","3":"status-publish","4":"has-post-thumbnail","6":"product_cat-altschmuck","7":"product_cat-gold","8":"product_cat-mitstein","9":"product_cat-ohrstecker","10":"product_cat-schmuck","12":"first","13":"outofstock","14":"taxable","15":"shipping-taxable","16":"purchasable","17":"product-type-simple"},"_links":{"self":[{"href":"https:\/\/www.lampu-schmuck.de\/index.php\/wp-json\/wp\/v2\/product\/1385","targetHints":{"allow":["GET"]}}],"collection":[{"href":"https:\/\/www.lampu-schmuck.de\/index.php\/wp-json\/wp\/v2\/product"}],"about":[{"href":"https:\/\/www.lampu-schmuck.de\/index.php\/wp-json\/wp\/v2\/types\/product"}],"wp:featuredmedia":[{"embeddable":true,"href":"https:\/\/www.lampu-schmuck.de\/index.php\/wp-json\/wp\/v2\/media\/1357"}],"wp:attachment":[{"href":"https:\/\/www.lampu-schmuck.de\/index.php\/wp-json\/wp\/v2\/media?parent=1385"}],"wp:term":[{"taxonomy":"product_brand","embeddable":true,"href":"https:\/\/www.lampu-schmuck.de\/index.php\/wp-json\/wp\/v2\/product_brand?post=1385"},{"taxonomy":"product_cat","embeddable":true,"href":"https:\/\/www.lampu-schmuck.de\/index.php\/wp-json\/wp\/v2\/product_cat?post=1385"},{"taxonomy":"product_tag","embeddable":true,"href":"https:\/\/www.lampu-schmuck.de\/index.php\/wp-json\/wp\/v2\/product_tag?post=1385"}],"curies":[{"name":"wp","href":"https:\/\/api.w.org\/{rel}","templated":true}]}}