{"id":1333,"date":"2021-05-26T20:38:14","date_gmt":"2021-05-26T20:38:14","guid":{"rendered":"https:\/\/www.lampu-schmuck.de\/?post_type=product&#038;p=1333"},"modified":"2021-06-08T09:25:11","modified_gmt":"2021-06-08T09:25:11","slug":"stecker-syn-opal-bicolor","status":"publish","type":"product","link":"https:\/\/www.lampu-schmuck.de\/index.php\/produkt\/stecker-syn-opal-bicolor\/","title":{"rendered":"Stecker, syn. Opal bicolor"},"content":{"rendered":"<p>Ohrtecker mit synthetischem Opal \u00d8 3mm, hellgr\u00fcn, teilvergoldet \u00d8 13mm.<\/p>\n","protected":false},"excerpt":{"rendered":"<p>Ohrtecker mit synthetischem Opal \u00d8 3mm, hellgr\u00fcn, teilvergoldet \u00d8 13mm.<\/p>\n","protected":false},"featured_media":1318,"template":"","meta":[],"product_brand":[],"product_cat":[37,42,50,48,61],"product_tag":[],"class_list":{"0":"post-1333","1":"product","2":"type-product","3":"status-publish","4":"has-post-thumbnail","6":"product_cat-bicolor","7":"product_cat-gruentuerkis","8":"product_cat-ohrstecker","9":"product_cat-schmuck","10":"product_cat-silber","12":"first","13":"instock","14":"taxable","15":"shipping-taxable","16":"purchasable","17":"product-type-simple"},"_links":{"self":[{"href":"https:\/\/www.lampu-schmuck.de\/index.php\/wp-json\/wp\/v2\/product\/1333","targetHints":{"allow":["GET"]}}],"collection":[{"href":"https:\/\/www.lampu-schmuck.de\/index.php\/wp-json\/wp\/v2\/product"}],"about":[{"href":"https:\/\/www.lampu-schmuck.de\/index.php\/wp-json\/wp\/v2\/types\/product"}],"wp:featuredmedia":[{"embeddable":true,"href":"https:\/\/www.lampu-schmuck.de\/index.php\/wp-json\/wp\/v2\/media\/1318"}],"wp:attachment":[{"href":"https:\/\/www.lampu-schmuck.de\/index.php\/wp-json\/wp\/v2\/media?parent=1333"}],"wp:term":[{"taxonomy":"product_brand","embeddable":true,"href":"https:\/\/www.lampu-schmuck.de\/index.php\/wp-json\/wp\/v2\/product_brand?post=1333"},{"taxonomy":"product_cat","embeddable":true,"href":"https:\/\/www.lampu-schmuck.de\/index.php\/wp-json\/wp\/v2\/product_cat?post=1333"},{"taxonomy":"product_tag","embeddable":true,"href":"https:\/\/www.lampu-schmuck.de\/index.php\/wp-json\/wp\/v2\/product_tag?post=1333"}],"curies":[{"name":"wp","href":"https:\/\/api.w.org\/{rel}","templated":true}]}}