{"id":1329,"date":"2021-05-26T20:25:51","date_gmt":"2021-05-26T20:25:51","guid":{"rendered":"https:\/\/www.lampu-schmuck.de\/?post_type=product&#038;p=1329"},"modified":"2021-06-08T09:26:11","modified_gmt":"2021-06-08T09:26:11","slug":"stecker-syn-opal-7","status":"publish","type":"product","link":"https:\/\/www.lampu-schmuck.de\/index.php\/produkt\/stecker-syn-opal-7\/","title":{"rendered":"Stecker syn. Opal"},"content":{"rendered":"<p>Ohrtecker mit synthetischem Opal \u00d8 5mm, hellgr\u00fcn mit Spirale \u00d8 6mm.<\/p>\n","protected":false},"excerpt":{"rendered":"<p>Ohrtecker mit synthetischem Opal \u00d8 5mm, hellgr\u00fcn mit Spirale \u00d8 6mm.<\/p>\n","protected":false},"featured_media":1310,"template":"","meta":[],"product_brand":[],"product_cat":[42,50,48,61],"product_tag":[],"class_list":{"0":"post-1329","1":"product","2":"type-product","3":"status-publish","4":"has-post-thumbnail","6":"product_cat-gruentuerkis","7":"product_cat-ohrstecker","8":"product_cat-schmuck","9":"product_cat-silber","11":"first","12":"instock","13":"taxable","14":"shipping-taxable","15":"purchasable","16":"product-type-simple"},"_links":{"self":[{"href":"https:\/\/www.lampu-schmuck.de\/index.php\/wp-json\/wp\/v2\/product\/1329","targetHints":{"allow":["GET"]}}],"collection":[{"href":"https:\/\/www.lampu-schmuck.de\/index.php\/wp-json\/wp\/v2\/product"}],"about":[{"href":"https:\/\/www.lampu-schmuck.de\/index.php\/wp-json\/wp\/v2\/types\/product"}],"wp:featuredmedia":[{"embeddable":true,"href":"https:\/\/www.lampu-schmuck.de\/index.php\/wp-json\/wp\/v2\/media\/1310"}],"wp:attachment":[{"href":"https:\/\/www.lampu-schmuck.de\/index.php\/wp-json\/wp\/v2\/media?parent=1329"}],"wp:term":[{"taxonomy":"product_brand","embeddable":true,"href":"https:\/\/www.lampu-schmuck.de\/index.php\/wp-json\/wp\/v2\/product_brand?post=1329"},{"taxonomy":"product_cat","embeddable":true,"href":"https:\/\/www.lampu-schmuck.de\/index.php\/wp-json\/wp\/v2\/product_cat?post=1329"},{"taxonomy":"product_tag","embeddable":true,"href":"https:\/\/www.lampu-schmuck.de\/index.php\/wp-json\/wp\/v2\/product_tag?post=1329"}],"curies":[{"name":"wp","href":"https:\/\/api.w.org\/{rel}","templated":true}]}}