{"id":1278,"date":"2021-05-24T15:48:51","date_gmt":"2021-05-24T15:48:51","guid":{"rendered":"https:\/\/www.lampu-schmuck.de\/?post_type=product&#038;p=1278"},"modified":"2021-06-08T09:29:37","modified_gmt":"2021-06-08T09:29:37","slug":"ring-bergkristall-gr-57-61","status":"publish","type":"product","link":"https:\/\/www.lampu-schmuck.de\/index.php\/produkt\/ring-bergkristall-gr-57-61\/","title":{"rendered":"Ring Bergkristall Gr. 57-61"},"content":{"rendered":"<p>Ring mit Bergkristall \u00d8 8mm. Oxidiert. Handarbeit. Gr\u00f6\u00dfe 57-61 verstellbar. Ringkopfgr\u00f6\u00dfe \u00d8 22mm.<\/p>\n","protected":false},"excerpt":{"rendered":"<p>Ring mit Bergkristall \u00d8 8mm. Oxidiert. Handarbeit. Gr\u00f6\u00dfe 57-61 verstellbar. Ringkopfgr\u00f6\u00dfe \u00d8 22mm.<\/p>\n","protected":false},"featured_media":1277,"template":"","meta":[],"product_brand":[],"product_cat":[59,48,61,44],"product_tag":[],"class_list":{"0":"post-1278","1":"product","2":"type-product","3":"status-publish","4":"has-post-thumbnail","6":"product_cat-ring","7":"product_cat-schmuck","8":"product_cat-silber","9":"product_cat-weisshell","11":"first","12":"instock","13":"taxable","14":"shipping-taxable","15":"purchasable","16":"product-type-simple"},"_links":{"self":[{"href":"https:\/\/www.lampu-schmuck.de\/index.php\/wp-json\/wp\/v2\/product\/1278","targetHints":{"allow":["GET"]}}],"collection":[{"href":"https:\/\/www.lampu-schmuck.de\/index.php\/wp-json\/wp\/v2\/product"}],"about":[{"href":"https:\/\/www.lampu-schmuck.de\/index.php\/wp-json\/wp\/v2\/types\/product"}],"wp:featuredmedia":[{"embeddable":true,"href":"https:\/\/www.lampu-schmuck.de\/index.php\/wp-json\/wp\/v2\/media\/1277"}],"wp:attachment":[{"href":"https:\/\/www.lampu-schmuck.de\/index.php\/wp-json\/wp\/v2\/media?parent=1278"}],"wp:term":[{"taxonomy":"product_brand","embeddable":true,"href":"https:\/\/www.lampu-schmuck.de\/index.php\/wp-json\/wp\/v2\/product_brand?post=1278"},{"taxonomy":"product_cat","embeddable":true,"href":"https:\/\/www.lampu-schmuck.de\/index.php\/wp-json\/wp\/v2\/product_cat?post=1278"},{"taxonomy":"product_tag","embeddable":true,"href":"https:\/\/www.lampu-schmuck.de\/index.php\/wp-json\/wp\/v2\/product_tag?post=1278"}],"curies":[{"name":"wp","href":"https:\/\/api.w.org\/{rel}","templated":true}]}}