{"id":1252,"date":"2021-05-24T15:20:56","date_gmt":"2021-05-24T15:20:56","guid":{"rendered":"https:\/\/www.lampu-schmuck.de\/?post_type=product&#038;p=1252"},"modified":"2021-06-08T09:40:14","modified_gmt":"2021-06-08T09:40:14","slug":"ring-bernstein-gr-61","status":"publish","type":"product","link":"https:\/\/www.lampu-schmuck.de\/index.php\/produkt\/ring-bernstein-gr-61\/","title":{"rendered":"Ring Bernstein Gr. 61"},"content":{"rendered":"<p>Ring mit gro\u00dfem Bernstein. Handarbeit aus Litauen. Gr\u00f6\u00dfe 61. Ringkopfgr\u00f6\u00dfe 33x21mm.<\/p>\n","protected":false},"excerpt":{"rendered":"<p>Ring mit gro\u00dfem Bernstein. Handarbeit aus Litauen. Gr\u00f6\u00dfe 61. Ringkopfgr\u00f6\u00dfe 33x21mm.<\/p>\n","protected":false},"featured_media":1254,"template":"","meta":[],"product_brand":[],"product_cat":[59,41,48,61],"product_tag":[],"class_list":{"0":"post-1252","1":"product","2":"type-product","3":"status-publish","4":"has-post-thumbnail","6":"product_cat-ring","7":"product_cat-rotorange","8":"product_cat-schmuck","9":"product_cat-silber","11":"first","12":"instock","13":"taxable","14":"shipping-taxable","15":"purchasable","16":"product-type-simple"},"_links":{"self":[{"href":"https:\/\/www.lampu-schmuck.de\/index.php\/wp-json\/wp\/v2\/product\/1252","targetHints":{"allow":["GET"]}}],"collection":[{"href":"https:\/\/www.lampu-schmuck.de\/index.php\/wp-json\/wp\/v2\/product"}],"about":[{"href":"https:\/\/www.lampu-schmuck.de\/index.php\/wp-json\/wp\/v2\/types\/product"}],"wp:featuredmedia":[{"embeddable":true,"href":"https:\/\/www.lampu-schmuck.de\/index.php\/wp-json\/wp\/v2\/media\/1254"}],"wp:attachment":[{"href":"https:\/\/www.lampu-schmuck.de\/index.php\/wp-json\/wp\/v2\/media?parent=1252"}],"wp:term":[{"taxonomy":"product_brand","embeddable":true,"href":"https:\/\/www.lampu-schmuck.de\/index.php\/wp-json\/wp\/v2\/product_brand?post=1252"},{"taxonomy":"product_cat","embeddable":true,"href":"https:\/\/www.lampu-schmuck.de\/index.php\/wp-json\/wp\/v2\/product_cat?post=1252"},{"taxonomy":"product_tag","embeddable":true,"href":"https:\/\/www.lampu-schmuck.de\/index.php\/wp-json\/wp\/v2\/product_tag?post=1252"}],"curies":[{"name":"wp","href":"https:\/\/api.w.org\/{rel}","templated":true}]}}