{"id":1238,"date":"2021-05-24T14:03:39","date_gmt":"2021-05-24T14:03:39","guid":{"rendered":"https:\/\/www.lampu-schmuck.de\/?post_type=product&#038;p=1238"},"modified":"2021-06-08T09:43:41","modified_gmt":"2021-06-08T09:43:41","slug":"ring-bicolor-gr-58","status":"publish","type":"product","link":"https:\/\/www.lampu-schmuck.de\/index.php\/produkt\/ring-bicolor-gr-58\/","title":{"rendered":"Ring bicolor Gr. 58"},"content":{"rendered":"<p>Ring in asiatischem Stil, Silber geschw\u00e4rzt mit 18 kt Goldaufl\u00f6tung. Gr\u00f6\u00dfe 58. 5mm breit.<\/p>\n","protected":false},"excerpt":{"rendered":"<p>Ring in asiatischem Stil, Silber geschw\u00e4rzt mit 18 kt Goldaufl\u00f6tung. Gr\u00f6\u00dfe 58. 5mm breit.<\/p>\n","protected":false},"featured_media":1216,"template":"","meta":[],"product_brand":[],"product_cat":[37,59,48,61],"product_tag":[],"class_list":{"0":"post-1238","1":"product","2":"type-product","3":"status-publish","4":"has-post-thumbnail","6":"product_cat-bicolor","7":"product_cat-ring","8":"product_cat-schmuck","9":"product_cat-silber","11":"first","12":"instock","13":"taxable","14":"shipping-taxable","15":"purchasable","16":"product-type-simple"},"_links":{"self":[{"href":"https:\/\/www.lampu-schmuck.de\/index.php\/wp-json\/wp\/v2\/product\/1238","targetHints":{"allow":["GET"]}}],"collection":[{"href":"https:\/\/www.lampu-schmuck.de\/index.php\/wp-json\/wp\/v2\/product"}],"about":[{"href":"https:\/\/www.lampu-schmuck.de\/index.php\/wp-json\/wp\/v2\/types\/product"}],"wp:featuredmedia":[{"embeddable":true,"href":"https:\/\/www.lampu-schmuck.de\/index.php\/wp-json\/wp\/v2\/media\/1216"}],"wp:attachment":[{"href":"https:\/\/www.lampu-schmuck.de\/index.php\/wp-json\/wp\/v2\/media?parent=1238"}],"wp:term":[{"taxonomy":"product_brand","embeddable":true,"href":"https:\/\/www.lampu-schmuck.de\/index.php\/wp-json\/wp\/v2\/product_brand?post=1238"},{"taxonomy":"product_cat","embeddable":true,"href":"https:\/\/www.lampu-schmuck.de\/index.php\/wp-json\/wp\/v2\/product_cat?post=1238"},{"taxonomy":"product_tag","embeddable":true,"href":"https:\/\/www.lampu-schmuck.de\/index.php\/wp-json\/wp\/v2\/product_tag?post=1238"}],"curies":[{"name":"wp","href":"https:\/\/api.w.org\/{rel}","templated":true}]}}