{"id":1196,"date":"2021-05-23T17:06:44","date_gmt":"2021-05-23T17:06:44","guid":{"rendered":"https:\/\/www.lampu-schmuck.de\/?post_type=product&#038;p=1196"},"modified":"2021-06-15T23:29:20","modified_gmt":"2021-06-15T23:29:20","slug":"ohrhaenger-bicolor","status":"publish","type":"product","link":"https:\/\/www.lampu-schmuck.de\/index.php\/produkt\/ohrhaenger-bicolor\/","title":{"rendered":"Ohrh\u00e4nger bicolor"},"content":{"rendered":"<p>Ohrh\u00e4nger in asiatischem Stil, Silber geschw\u00e4rzt mit 18 kt Goldaufl\u00f6tung. 26x7mm.<\/p>\n","protected":false},"excerpt":{"rendered":"<p>Ohrh\u00e4nger in asiatischem Stil, Silber geschw\u00e4rzt mit 18 kt Goldaufl\u00f6tung. 26x7mm.<\/p>\n","protected":false},"featured_media":1197,"template":"","meta":[],"product_brand":[],"product_cat":[37,51,48,61],"product_tag":[],"class_list":{"0":"post-1196","1":"product","2":"type-product","3":"status-publish","4":"has-post-thumbnail","6":"product_cat-bicolor","7":"product_cat-ohrhaenger","8":"product_cat-schmuck","9":"product_cat-silber","11":"first","12":"instock","13":"taxable","14":"shipping-taxable","15":"purchasable","16":"product-type-simple"},"_links":{"self":[{"href":"https:\/\/www.lampu-schmuck.de\/index.php\/wp-json\/wp\/v2\/product\/1196","targetHints":{"allow":["GET"]}}],"collection":[{"href":"https:\/\/www.lampu-schmuck.de\/index.php\/wp-json\/wp\/v2\/product"}],"about":[{"href":"https:\/\/www.lampu-schmuck.de\/index.php\/wp-json\/wp\/v2\/types\/product"}],"wp:featuredmedia":[{"embeddable":true,"href":"https:\/\/www.lampu-schmuck.de\/index.php\/wp-json\/wp\/v2\/media\/1197"}],"wp:attachment":[{"href":"https:\/\/www.lampu-schmuck.de\/index.php\/wp-json\/wp\/v2\/media?parent=1196"}],"wp:term":[{"taxonomy":"product_brand","embeddable":true,"href":"https:\/\/www.lampu-schmuck.de\/index.php\/wp-json\/wp\/v2\/product_brand?post=1196"},{"taxonomy":"product_cat","embeddable":true,"href":"https:\/\/www.lampu-schmuck.de\/index.php\/wp-json\/wp\/v2\/product_cat?post=1196"},{"taxonomy":"product_tag","embeddable":true,"href":"https:\/\/www.lampu-schmuck.de\/index.php\/wp-json\/wp\/v2\/product_tag?post=1196"}],"curies":[{"name":"wp","href":"https:\/\/api.w.org\/{rel}","templated":true}]}}