{"id":1172,"date":"2021-05-22T16:54:03","date_gmt":"2021-05-22T16:54:03","guid":{"rendered":"https:\/\/www.lampu-schmuck.de\/?post_type=product&#038;p=1172"},"modified":"2021-06-15T23:33:58","modified_gmt":"2021-06-15T23:33:58","slug":"collier-bicolor-2","status":"publish","type":"product","link":"https:\/\/www.lampu-schmuck.de\/index.php\/produkt\/collier-bicolor-2\/","title":{"rendered":"Collier bicolor"},"content":{"rendered":"<p>Collier in asiatischem Stil, Silber geschw\u00e4rzt mit 18 kt Goldaufl\u00f6tung. Dekoteil 40x8mm. Fuchsschwanzkette rund \u00d8 2,4mm, 46-49cm lang.<\/p>\n","protected":false},"excerpt":{"rendered":"<p>Collier in asiatischem Stil, Silber geschw\u00e4rzt mit 18 kt Goldaufl\u00f6tung. Dekoteil 40x8mm. Fuchsschwanzkette rund \u00d8 2,4mm, 46-49cm lang.<\/p>\n","protected":false},"featured_media":1168,"template":"","meta":[],"product_brand":[],"product_cat":[37,56,48,61],"product_tag":[],"class_list":{"0":"post-1172","1":"product","2":"type-product","3":"status-publish","4":"has-post-thumbnail","6":"product_cat-bicolor","7":"product_cat-colliers","8":"product_cat-schmuck","9":"product_cat-silber","11":"first","12":"instock","13":"taxable","14":"shipping-taxable","15":"purchasable","16":"product-type-simple"},"_links":{"self":[{"href":"https:\/\/www.lampu-schmuck.de\/index.php\/wp-json\/wp\/v2\/product\/1172","targetHints":{"allow":["GET"]}}],"collection":[{"href":"https:\/\/www.lampu-schmuck.de\/index.php\/wp-json\/wp\/v2\/product"}],"about":[{"href":"https:\/\/www.lampu-schmuck.de\/index.php\/wp-json\/wp\/v2\/types\/product"}],"wp:featuredmedia":[{"embeddable":true,"href":"https:\/\/www.lampu-schmuck.de\/index.php\/wp-json\/wp\/v2\/media\/1168"}],"wp:attachment":[{"href":"https:\/\/www.lampu-schmuck.de\/index.php\/wp-json\/wp\/v2\/media?parent=1172"}],"wp:term":[{"taxonomy":"product_brand","embeddable":true,"href":"https:\/\/www.lampu-schmuck.de\/index.php\/wp-json\/wp\/v2\/product_brand?post=1172"},{"taxonomy":"product_cat","embeddable":true,"href":"https:\/\/www.lampu-schmuck.de\/index.php\/wp-json\/wp\/v2\/product_cat?post=1172"},{"taxonomy":"product_tag","embeddable":true,"href":"https:\/\/www.lampu-schmuck.de\/index.php\/wp-json\/wp\/v2\/product_tag?post=1172"}],"curies":[{"name":"wp","href":"https:\/\/api.w.org\/{rel}","templated":true}]}}