{"id":1152,"date":"2021-05-21T15:25:06","date_gmt":"2021-05-21T15:25:06","guid":{"rendered":"https:\/\/www.lampu-schmuck.de\/?post_type=product&#038;p=1152"},"modified":"2025-09-15T16:25:27","modified_gmt":"2025-09-15T16:25:27","slug":"stecker-multicolor-2","status":"publish","type":"product","link":"https:\/\/www.lampu-schmuck.de\/index.php\/produkt\/stecker-multicolor-2\/","title":{"rendered":"Stecker bicolor"},"content":{"rendered":"<p>Ohrstecker in asiatischem Stil, Silber geschw\u00e4rzt mit 18 kt Goldaufl\u00f6tung. \u00d8 9mm<\/p>\n","protected":false},"excerpt":{"rendered":"<p>Ohrstecker in asiatischem Stil, Silber geschw\u00e4rzt mit 18 kt Goldaufl\u00f6tung. \u00d8 9mm<\/p>\n","protected":false},"featured_media":1147,"template":"","meta":[],"product_brand":[],"product_cat":[37,50,48,61],"product_tag":[],"class_list":{"0":"post-1152","1":"product","2":"type-product","3":"status-publish","4":"has-post-thumbnail","6":"product_cat-bicolor","7":"product_cat-ohrstecker","8":"product_cat-schmuck","9":"product_cat-silber","11":"first","12":"outofstock","13":"taxable","14":"shipping-taxable","15":"purchasable","16":"product-type-simple"},"_links":{"self":[{"href":"https:\/\/www.lampu-schmuck.de\/index.php\/wp-json\/wp\/v2\/product\/1152","targetHints":{"allow":["GET"]}}],"collection":[{"href":"https:\/\/www.lampu-schmuck.de\/index.php\/wp-json\/wp\/v2\/product"}],"about":[{"href":"https:\/\/www.lampu-schmuck.de\/index.php\/wp-json\/wp\/v2\/types\/product"}],"wp:featuredmedia":[{"embeddable":true,"href":"https:\/\/www.lampu-schmuck.de\/index.php\/wp-json\/wp\/v2\/media\/1147"}],"wp:attachment":[{"href":"https:\/\/www.lampu-schmuck.de\/index.php\/wp-json\/wp\/v2\/media?parent=1152"}],"wp:term":[{"taxonomy":"product_brand","embeddable":true,"href":"https:\/\/www.lampu-schmuck.de\/index.php\/wp-json\/wp\/v2\/product_brand?post=1152"},{"taxonomy":"product_cat","embeddable":true,"href":"https:\/\/www.lampu-schmuck.de\/index.php\/wp-json\/wp\/v2\/product_cat?post=1152"},{"taxonomy":"product_tag","embeddable":true,"href":"https:\/\/www.lampu-schmuck.de\/index.php\/wp-json\/wp\/v2\/product_tag?post=1152"}],"curies":[{"name":"wp","href":"https:\/\/api.w.org\/{rel}","templated":true}]}}