{"id":1120,"date":"2021-05-18T15:35:28","date_gmt":"2021-05-18T15:35:28","guid":{"rendered":"https:\/\/www.lampu-schmuck.de\/?post_type=product&#038;p=1120"},"modified":"2021-06-15T23:44:45","modified_gmt":"2021-06-15T23:44:45","slug":"anhaenger-fusing-glas-7","status":"publish","type":"product","link":"https:\/\/www.lampu-schmuck.de\/index.php\/produkt\/anhaenger-fusing-glas-7\/","title":{"rendered":"Anh\u00e4nger Fusing-Glas"},"content":{"rendered":"<p>Anh\u00e4nger mit Fusing-Glas. Farbe gold auf gr\u00fcn. 22x18mm.<br \/>\nProdukte aus dem Kunstglaser Handwerk. Dichroic-Glas wird mit farbig leuchtenden Metallen bedampft und in mehreren Schichten miteinander verschmolzen. Fusing. Es entstehen einzigartige Reflektionen, die bei unterschiedlichem Lichteinfall Farbwechsel erkennen lassen.<br \/>\nPassende Ohrh\u00e4nger OHS 0007.<br \/>\nPassende Stecker SS 0007.<\/p>\n","protected":false},"excerpt":{"rendered":"<p>Anh\u00e4nger mit Fusing-Glas. Farbe gold auf gr\u00fcn. 22x18mm. Produkte aus dem Kunstglaser Handwerk. Dichroic-Glas wird mit farbig leuchtenden Metallen bedampft und in mehreren Schichten miteinander verschmolzen. Fusing. Es entstehen einzigartige Reflektionen, die bei unterschiedlichem Lichteinfall Farbwechsel erkennen lassen. Passende Ohrh\u00e4nger OHS 0007. Passende Stecker SS 0007.<\/p>\n","protected":false},"featured_media":1090,"template":"","meta":[],"product_brand":[],"product_cat":[57,39,48,61],"product_tag":[],"class_list":{"0":"post-1120","1":"product","2":"type-product","3":"status-publish","4":"has-post-thumbnail","6":"product_cat-anhaenger","7":"product_cat-glasbunt","8":"product_cat-schmuck","9":"product_cat-silber","11":"first","12":"instock","13":"taxable","14":"shipping-taxable","15":"purchasable","16":"product-type-simple"},"_links":{"self":[{"href":"https:\/\/www.lampu-schmuck.de\/index.php\/wp-json\/wp\/v2\/product\/1120","targetHints":{"allow":["GET"]}}],"collection":[{"href":"https:\/\/www.lampu-schmuck.de\/index.php\/wp-json\/wp\/v2\/product"}],"about":[{"href":"https:\/\/www.lampu-schmuck.de\/index.php\/wp-json\/wp\/v2\/types\/product"}],"wp:featuredmedia":[{"embeddable":true,"href":"https:\/\/www.lampu-schmuck.de\/index.php\/wp-json\/wp\/v2\/media\/1090"}],"wp:attachment":[{"href":"https:\/\/www.lampu-schmuck.de\/index.php\/wp-json\/wp\/v2\/media?parent=1120"}],"wp:term":[{"taxonomy":"product_brand","embeddable":true,"href":"https:\/\/www.lampu-schmuck.de\/index.php\/wp-json\/wp\/v2\/product_brand?post=1120"},{"taxonomy":"product_cat","embeddable":true,"href":"https:\/\/www.lampu-schmuck.de\/index.php\/wp-json\/wp\/v2\/product_cat?post=1120"},{"taxonomy":"product_tag","embeddable":true,"href":"https:\/\/www.lampu-schmuck.de\/index.php\/wp-json\/wp\/v2\/product_tag?post=1120"}],"curies":[{"name":"wp","href":"https:\/\/api.w.org\/{rel}","templated":true}]}}